{"id":3990,"date":"2010-02-02T09:41:15","date_gmt":"2010-02-02T08:41:15","guid":{"rendered":"http:\/\/www.partipourladecroissance.net\/?page_id=3990"},"modified":"2023-10-22T20:40:15","modified_gmt":"2023-10-22T19:40:15","slug":"contacter","status":"publish","type":"page","link":"https:\/\/www.partipourladecroissance.net\/?page_id=3990","title":{"rendered":"Contacter"},"content":{"rendered":"<p style=\"text-align: left;\"><strong>Pour inviter des membres du collectif<\/strong> (notamment Vincent Liegey) \u00e0 une rencontre, une table ronde, une conf\u00e9rence ; pour une interview ou pour commander un article, merci d&rsquo;\u00e9crire \u00e0 l&rsquo;adresse ci-dessous.<\/p>\n<p style=\"text-align: left;\"><strong>Pour \u00e9changer sur les pratiques, rejoindre des groupes\/collectifs locaux et nationaux<\/strong>, merci de vous rapprocher de \u00ab\u00a0<a href=\"https:\/\/ladecroissance.xyz\/\">La Maison Commune de la D\u00e9croissance<\/a>\u00ab\u00a0.<\/p>\n<p style=\"text-align: center;\">Parti Pour La D\u00e9croissance<br \/>\n&lt;contact [at] partipourladecroissance.net&gt;<\/p>\n<p class=\"Style3\" style=\"text-align: center;\"><a href=\"http:\/\/www.partipourladecroissance.net\/?page_id=468\"><strong><img loading=\"lazy\" decoding=\"async\" class=\"size-full wp-image-24 alignnone\" style=\"margin-top: 5px; margin-bottom: 5px;\" title=\"logo-ppld\" src=\"http:\/\/www.partipourladecroissance.net\/wp-content\/uploads\/2008\/12\/logo-ppld.gif\" alt=\"logo-ppld\" width=\"118\" height=\"68\" \/><\/strong><\/a><\/p>\n","protected":false},"excerpt":{"rendered":"<p>Pour inviter des membres du collectif (notamment Vincent Liegey) \u00e0 une rencontre, une table ronde, une conf\u00e9rence ; pour une interview ou pour commander un article, merci d&rsquo;\u00e9crire \u00e0 l&rsquo;adresse ci-dessous. Pour \u00e9changer sur les pratiques, rejoindre des groupes\/collectifs locaux &hellip; <a href=\"https:\/\/www.partipourladecroissance.net\/?page_id=3990\">Continuer la lecture <span class=\"meta-nav\">&rarr;<\/span><\/a><\/p>\n","protected":false},"author":7,"featured_media":0,"parent":468,"menu_order":0,"comment_status":"closed","ping_status":"open","template":"","meta":{"footnotes":""},"class_list":["post-3990","page","type-page","status-publish","hentry"],"_links":{"self":[{"href":"https:\/\/www.partipourladecroissance.net\/index.php?rest_route=\/wp\/v2\/pages\/3990","targetHints":{"allow":["GET"]}}],"collection":[{"href":"https:\/\/www.partipourladecroissance.net\/index.php?rest_route=\/wp\/v2\/pages"}],"about":[{"href":"https:\/\/www.partipourladecroissance.net\/index.php?rest_route=\/wp\/v2\/types\/page"}],"author":[{"embeddable":true,"href":"https:\/\/www.partipourladecroissance.net\/index.php?rest_route=\/wp\/v2\/users\/7"}],"replies":[{"embeddable":true,"href":"https:\/\/www.partipourladecroissance.net\/index.php?rest_route=%2Fwp%2Fv2%2Fcomments&post=3990"}],"version-history":[{"count":25,"href":"https:\/\/www.partipourladecroissance.net\/index.php?rest_route=\/wp\/v2\/pages\/3990\/revisions"}],"predecessor-version":[{"id":9720,"href":"https:\/\/www.partipourladecroissance.net\/index.php?rest_route=\/wp\/v2\/pages\/3990\/revisions\/9720"}],"up":[{"embeddable":true,"href":"https:\/\/www.partipourladecroissance.net\/index.php?rest_route=\/wp\/v2\/pages\/468"}],"wp:attachment":[{"href":"https:\/\/www.partipourladecroissance.net\/index.php?rest_route=%2Fwp%2Fv2%2Fmedia&parent=3990"}],"curies":[{"name":"wp","href":"https:\/\/api.w.org\/{rel}","templated":true}]}}