{"id":7567,"date":"2012-08-28T12:55:24","date_gmt":"2012-08-28T11:55:24","guid":{"rendered":"http:\/\/www.partipourladecroissance.net\/?page_id=7567"},"modified":"2020-04-11T11:50:04","modified_gmt":"2020-04-11T10:50:04","slug":"mais-quelle-idee-de-creer-un-parti-pour-la-decroissance","status":"publish","type":"page","link":"https:\/\/www.partipourladecroissance.net\/?page_id=7567","title":{"rendered":"Nous sommes Parti-e-s Pour La D\u00e9croissance"},"content":{"rendered":"<p><img loading=\"lazy\" decoding=\"async\" class=\"alignleft\" src=\"http:\/\/www.partipourladecroissance.net\/wp-content\/uploads\/2008\/12\/logo-ppld.gif\" alt=\"http:\/\/www.partipourladecroissance.net\/wp-content\/uploads\/2008\/12\/logo-ppld.gif\" width=\"118\" height=\"68\" \/><\/p>\n<p><strong>Ao\u00fbt 2012 : voil\u00e0 qui est fait. Enfin, nous sommes Parti-e-s Pour La D\u00e9croissance&#8230;<\/strong> en nous \u00e9mancipant de la coquille partidaire dans laquelle nous \u00e9tions tomb\u00e9-e-s.<\/p>\n<p><strong>Un peu d\u2019histoire.<br \/>\n<\/strong>Le Parti Pour La D\u00e9croissance (PPLD) a \u00e9t\u00e9 cr\u00e9\u00e9 en 2005 \u00e0 l\u2019occasion des Etats G\u00e9n\u00e9raux de la D\u00e9croissance. <a href=\"http:\/\/www.partipourladecroissance.net\/?page_id=4819\" target=\"_blank\" rel=\"noopener noreferrer\">Sans revenir sur le contexte et les d\u00e9bats g\u00e9n\u00e9r\u00e9s par sa cr\u00e9ation<\/a>, rappelons juste les critiques dures \u00e9mises par Serge Latouche \u00e0 ce sujet : \u00ab un manque de maturit\u00e9 politique \u00bb ; \u00ab on ne pouvait pas trouver mieux pour d\u00e9consid\u00e9rer la d\u00e9croissance et casser le mouvement \u00e0 sa naissance que le lancement d\u2019un ridicule parti de la d\u00e9croissance \u00bb. Tr\u00e8s vite ce parti s\u2019\u00e9croule\u2026<!--more--><\/p>\n<p>En janvier 2008, par na\u00efvet\u00e9, il est rejoint par plusieurs d\u2019entre nous. Aussit\u00f4t, nous nous lan\u00e7ons simultan\u00e9ment dans une r\u00e9flexion sur les mani\u00e8res de colporter la D\u00e9croissance en coh\u00e9rence avec ses id\u00e9es, et sur les raisons de l&rsquo;\u00e9chec du premier PPLD. Ces deux questions se rejoignent. Nous rencontrons plusieurs acteurs du mouvement de la D\u00e9croissance puis commen\u00e7ons \u00e0 d\u00e9velopper la strat\u00e9gie politique que l\u2019on retrouve dans <a href=\"http:\/\/www.partipourladecroissance.net\/?page_id=6122\" target=\"_blank\" rel=\"noopener noreferrer\">la plateforme de convergence de l\u2019AdOC<\/a>, nouveau mouvement politique cr\u00e9\u00e9 entre temps avec nos amis du <a href=\"http:\/\/les-oc.info\/\" target=\"_blank\" rel=\"noopener noreferrer\">MOC<\/a>.<\/p>\n<p>Suite \u00e0 une crise de croissance, l\u2019AdOC en tant qu\u2019entit\u00e9 politique visible qui n&rsquo;aboutit pas. Nous nous recroquevillons dans nos coquilles, donc, par d\u00e9faut, dans un parti : le PPLD.<\/p>\n<div>\n<div>\n<p><strong>Un Parti ? \u00ab Mais c\u2019est pyramidal, partisan, une machine de guerre \u00e0 \u00e9lections, de qu\u00eate de pouvoir pour le pouvoir, etc. \u00bb<\/strong><br \/>\nSi nous sommes dans un parti, c\u2019est surtout par un concours de circonstances. C\u2019est d\u2019autant plus surprenant que nous remettons clairement en question les institutions de notre mod\u00e8le de soci\u00e9t\u00e9 laissant croire que la politique se limite \u00e0 un de ses outils le jeu des \u00e9lections et son syst\u00e8me de partis, et aux rapports au pouvoir. <a href=\"http:\/\/www.decroissance2012.fr\/?p=522\" target=\"_blank\" rel=\"noopener noreferrer\">Et nous participons aussi\u2026 \u00e0 des \u00e9lections\u2026 mais quand m\u00eame de mani\u00e8re non-\u00e9lectoraliste\u2026<\/a><\/p>\n<p>En fait, nous exp\u00e9rimentons une strat\u00e9gie qui consiste \u00e0 changer la soci\u00e9t\u00e9 \u00e0 la fois \u00e0 l\u2019int\u00e9rieur des institutions mais aussi \u00e0 l\u2019ext\u00e9rieur.<\/p>\n<p><strong>Comment s\u2019y retrouver ? Un Parti qui n\u2019a de parti que le nom et qui participe \u00e0 des \u00e9lections de mani\u00e8re non-\u00e9lectoraliste ?<\/strong><br \/>\nDepuis 2008-2009, nous n&rsquo;avons pas souhait\u00e9 nous organiser dans le but de prendre le pouvoir, avec l&rsquo;architecture hi\u00e9rarchique, l&rsquo;organisation financi\u00e8re et administrative que cela implique. Nous avons souhait\u00e9 nous prot\u00e9ger des d\u00e9rives courantes, telles que les luttes de pouvoir et les strat\u00e9gies d&rsquo;alliances qui ont pour but de favoriser des int\u00e9r\u00eats priv\u00e9s. Nous avons surtout fait ce choix parce que c&rsquo;est le seul fonctionnement qui nous convienne naturellement &#8230;<br \/>\nNous sommes un collectif, qui tend vers l&rsquo;autogestion, et ouvert.<\/p>\n<\/div>\n<\/div>\n<div>\n<div>\n<p>Alors, enfin ! Ce<a href=\"http:\/\/www.partipourladecroissance.net\/?p=8871\" target=\"_blank\" rel=\"noopener noreferrer\"> dimanche 21 juin 2014, nous avons fait un grand pas vers plus de coh\u00e9rence<\/a> en assumant ce que <a href=\"http:\/\/lepassagerclandestin.fr\/catalogue\/les-precurseurs-de-la-decroissance\/cornelius-castoriadis-ou-lautonomie-radicale.html\" target=\"_blank\" rel=\"noopener noreferrer\">disait Cornelius Castoriadis<\/a> : \u00ab\u00a0Non pas s&rsquo;inscrire \u00e0 un parti pour en suivre docilement les ordres (&#8230;). Mais agir en tant que citoyen.\u00a0\u00bb<\/p>\n<p><strong>Sortir de la politique du combat pour tendre vers la politique du construire ensemble<br \/>\n<\/strong>Il ne suffit pas de s\u2019appeler mouvement pour ne pas fonctionner de mani\u00e8re centralis\u00e9e et partidaire. Il ne suffit pas de s\u2019appeler union pour ne pas participer \u00e0 des \u00e9lections uniquement de mani\u00e8re \u00e9lectoraliste. Il ne suffit pas de s\u2019appeler association pour d\u00e9passer les combats d\u2019\u00e9gos et les jeux de pouvoir. Ainsi, nous construisons la transition ; de cette soci\u00e9t\u00e9 de croissance, d\u2019\u00e9gos, de pouvoir, du spectacle, dans laquelle nous avons grandi et qui nous a conditionn\u00e9s, vers des soci\u00e9t\u00e9s autonomes et conviviales, de partage et de responsabilit\u00e9. Autant il est facile d\u2019intellectualiser ces critiques, autant il est difficile d&rsquo;en tenir compte au quotidien et de mani\u00e8re collective.<\/p>\n<\/div>\n<\/div>\n<div>\n<div>\n<p>Nous exp\u00e9rimentons de nouvelles mani\u00e8res de faire la politique, non plus pour prendre le pouvoir, que ce soit individuellement dans son groupe, ou collectivement dans la soci\u00e9t\u00e9, mais pour construire ensemble des alternatives, ouvrir des chemins vers de nouveaux mod\u00e8les de soci\u00e9t\u00e9s soutenables et souhaitables.<\/p>\n<p><strong>Nous d\u00e9colonisons notre imaginaire partidaire\u2026 nous sommes Parti-e-s Pour La D\u00e9croissance<\/strong><br \/>\nAppuyons-nous, avec humilit\u00e9, auto-critique, humour, respect et recul sur tous les outils en notre possession. Soyons s\u00e9rieux sans nous prendre au s\u00e9rieux. Apprenons le \u00ab l\u00e2cher prise \u00bb.<br \/>\n\u00ab <a href=\"http:\/\/www.partipourladecroissance.net\/?p=5008\" target=\"_blank\" rel=\"noopener noreferrer\">Il y a autant de chemins vers la D\u00e9croissance que d\u2019Objectrices et d\u2019Objecteurs de Croissance<\/a> \u00bb\u2026 et l\u2019enjeu est de permettre \u00e0 toutes et tous de choisir et de trouver celui o\u00f9 il aura sa place.<br \/>\nC\u2019est pourquoi nous parlons <a href=\"http:\/\/www.partipourladecroissance.net\/?page_id=6859\" target=\"_blank\" rel=\"noopener noreferrer\">des quatre niveaux politiques de la D\u00e9croissance<\/a> (1), mais aussi des diff\u00e9rentes fa\u00e7ons de les faire interagir, tant ils sont compl\u00e9mentaires les uns avec les autres. Nous devons exp\u00e9rimenter, construire, d\u00e9construire, explorer de nouvelles mani\u00e8res de vivre ensemble. Il s\u2019agit de penser et de vivre un r\u00e9seau horizontal de collectifs, d\u2019associations, de mouvements et peut-\u00eatre de partis divers et vari\u00e9s, ainsi que de groupes locaux et\/ou th\u00e9matiques, s\u2019appuyant sur un ou plusieurs de ces quatre niveaux. Un r\u00e9seau s&rsquo;inscrivant dans la <a href=\"http:\/\/www.partipourladecroissance.net\/?p=6895\" target=\"_blank\" rel=\"noopener noreferrer\">relocalisation ouverte<\/a>. Ces liens, ces passerelles entre chacun et chacune doivent \u00eatre solidaires, mais aussi critiques les unes et les uns avec les autres.<br \/>\nDans cette logique <a href=\"http:\/\/www.partipourladecroissance.net\/?p=6848\" target=\"_blank\" rel=\"noopener noreferrer\">de construire la transition, dans cette recherche d\u2019une masse critique<\/a>, nous devons nous approprier tous les outils de transformation \u00e0 notre disposition, sans illusion, avec prudence et surtout en gardant toujours \u00e0 l\u2019esprit l\u2019objectif initial de notre d\u00e9marche : une soci\u00e9t\u00e9 juste, conviviale, d\u00e9mocratique, soutenable et surtout souhaitable !<\/p>\n<p><span style=\"color: #ffffff;\">.<\/span><br \/>\n<strong>Pour une D\u00e9croissance sereine, soutenable et surtout conviviale !<br \/>\n<\/strong>Nous \u00e9tions dans un parti et avons su le transformer en collectif \u00e0 travers nos r\u00e9flexions, \u00e9changes et notre mode de fonctionnement artisanal, collectif, horizontal, cog\u00e9r\u00e9 et surtout convivial.<\/p>\n<\/div>\n<\/div>\n<div>\n<div>\n<div>\n<p>Avec humilit\u00e9, humour et auto-critique, nous essayons de colporter avec coh\u00e9rence les id\u00e9es de la D\u00e9croissance, ses projets, ses programmes, ses chemins, ses m\u00e9thodes \u2026 dans le respect de nos diversit\u00e9s.<\/p>\n<p><a href=\"http:\/\/www.reporterre.net\/spip.php?article3806\" target=\"_blank\" rel=\"noopener noreferrer\">La transition est en marche<\/a> et nous sommes donc bel et bien Parti-e-s Pour La D\u00e9croissance.<\/p>\n<p style=\"text-align: right;\">Le collectif Parti-e-s Pour La D\u00e9croissance<\/p>\n<\/div>\n<\/div>\n<\/div>\n<p>(1) le <strong>collectif <\/strong>\u00e0 travers les alternatives concr\u00e8tes, le <strong>projet <\/strong>avec un projet de transition et aussi une r\u00e9flexion sur ce que peuvent \u00eatre des soci\u00e9t\u00e9s de D\u00e9croissance, la <strong>visibilit\u00e9<\/strong> comprenant l\u2019organisation de rencontres-d\u00e9bats, de manifestations, le passage dans les m\u00e9dias, la participation \u00e0 des \u00e9lections de mani\u00e8re non-\u00e9lectoraliste, et le <strong>niveau individuel<\/strong> \u00e0 travers la simplicit\u00e9 volontaire et la d\u00e9colonisation de l\u2019imaginaire<\/p>\n","protected":false},"excerpt":{"rendered":"<p>Ao\u00fbt 2012 : voil\u00e0 qui est fait. Enfin, nous sommes Parti-e-s Pour La D\u00e9croissance&#8230; en nous \u00e9mancipant de la coquille partidaire dans laquelle nous \u00e9tions tomb\u00e9-e-s. Un peu d\u2019histoire. Le Parti Pour La D\u00e9croissance (PPLD) a \u00e9t\u00e9 cr\u00e9\u00e9 en 2005 &hellip; <a href=\"https:\/\/www.partipourladecroissance.net\/?page_id=7567\">Continuer la lecture <span class=\"meta-nav\">&rarr;<\/span><\/a><\/p>\n","protected":false},"author":7,"featured_media":0,"parent":3982,"menu_order":0,"comment_status":"open","ping_status":"open","template":"","meta":{"footnotes":""},"class_list":["post-7567","page","type-page","status-publish","hentry"],"_links":{"self":[{"href":"https:\/\/www.partipourladecroissance.net\/index.php?rest_route=\/wp\/v2\/pages\/7567","targetHints":{"allow":["GET"]}}],"collection":[{"href":"https:\/\/www.partipourladecroissance.net\/index.php?rest_route=\/wp\/v2\/pages"}],"about":[{"href":"https:\/\/www.partipourladecroissance.net\/index.php?rest_route=\/wp\/v2\/types\/page"}],"author":[{"embeddable":true,"href":"https:\/\/www.partipourladecroissance.net\/index.php?rest_route=\/wp\/v2\/users\/7"}],"replies":[{"embeddable":true,"href":"https:\/\/www.partipourladecroissance.net\/index.php?rest_route=%2Fwp%2Fv2%2Fcomments&post=7567"}],"version-history":[{"count":12,"href":"https:\/\/www.partipourladecroissance.net\/index.php?rest_route=\/wp\/v2\/pages\/7567\/revisions"}],"predecessor-version":[{"id":9607,"href":"https:\/\/www.partipourladecroissance.net\/index.php?rest_route=\/wp\/v2\/pages\/7567\/revisions\/9607"}],"up":[{"embeddable":true,"href":"https:\/\/www.partipourladecroissance.net\/index.php?rest_route=\/wp\/v2\/pages\/3982"}],"wp:attachment":[{"href":"https:\/\/www.partipourladecroissance.net\/index.php?rest_route=%2Fwp%2Fv2%2Fmedia&parent=7567"}],"curies":[{"name":"wp","href":"https:\/\/api.w.org\/{rel}","templated":true}]}}